{"id":2351,"date":"2024-08-16T02:33:19","date_gmt":"2024-08-16T02:33:19","guid":{"rendered":"https:\/\/zelinbio.com\/?post_type=product&#038;p=2351"},"modified":"2025-03-20T04:10:38","modified_gmt":"2025-03-20T04:10:38","slug":"agran-oil-hair-dye","status":"publish","type":"product","link":"https:\/\/zelinbio.com\/es\/product\/agran-oil-hair-dye\/","title":{"rendered":"Tinte para el cabello de frutos secos"},"content":{"rendered":"<p class=\"translation-block\">Tipo: Tinte para el cabello<br>\nForma: Crema de champ\u00fa<br>\nVolumen: 400 ml<br>\nCantidad: 40 cajas\/caja<br>\nTama\u00f1o de la caja: 640*440*251 (mm)<br>\nCertificado: ISO SGS GMPC An\u00e1lisis FDA<br>\nFunci\u00f3n: 5 minutos para te\u00f1ir el cabello de negro<br>\nGrupo de edad: Adulto<br>\nColor: Negro, marr\u00f3n casta\u00f1o, caf\u00e9, marr\u00f3n negro, marr\u00f3n lino, violeta uva, burdeos, cian opaco, azul negro, marr\u00f3n oscuro, chocolate<br>\nCaracter\u00edstica: Extractos de nueces, tinte r\u00e1pido para el cabello 3 en 1<\/p>","protected":false},"excerpt":{"rendered":"<p><img fetchpriority=\"high\" decoding=\"async\" class=\"alignnone wp-image-2828 size-full\" src=\"https:\/\/zelinbio.com\/wp-content\/uploads\/2024\/08\/photobank-31.jpg\" alt=\"\" width=\"750\" height=\"999\" srcset=\"https:\/\/zelinbio.com\/wp-content\/uploads\/2024\/08\/photobank-31.jpg 750w, https:\/\/zelinbio.com\/wp-content\/uploads\/2024\/08\/photobank-31-225x300.jpg 225w, https:\/\/zelinbio.com\/wp-content\/uploads\/2024\/08\/photobank-31-600x799.jpg 600w\" sizes=\"(max-width: 750px) 100vw, 750px\" \/><br \/>\n<img decoding=\"async\" class=\"alignnone wp-image-2829\" src=\"https:\/\/zelinbio.com\/wp-content\/uploads\/2024\/08\/photobank-32.jpg\" alt=\"\" width=\"900\" height=\"556\" \/><br \/>\n<img decoding=\"async\" class=\"alignnone wp-image-2830\" src=\"https:\/\/zelinbio.com\/wp-content\/uploads\/2024\/08\/photobank-33.jpg\" alt=\"\" width=\"900\" height=\"615\" \/><br \/>\n<img loading=\"lazy\" decoding=\"async\" class=\"alignnone wp-image-2831\" src=\"https:\/\/zelinbio.com\/wp-content\/uploads\/2024\/08\/photobank-34.jpg\" alt=\"\" width=\"900\" height=\"750\" \/><br \/>\n<img loading=\"lazy\" decoding=\"async\" class=\"alignnone wp-image-2832\" src=\"https:\/\/zelinbio.com\/wp-content\/uploads\/2024\/08\/photobank-35.jpg\" alt=\"\" width=\"900\" height=\"744\" \/><br \/>\n<img loading=\"lazy\" decoding=\"async\" class=\"alignnone wp-image-2833\" src=\"https:\/\/zelinbio.com\/wp-content\/uploads\/2024\/08\/photobank-37.jpg\" alt=\"\" width=\"900\" height=\"674\" \/><br \/>\n<img loading=\"lazy\" decoding=\"async\" class=\"alignnone wp-image-2834\" src=\"https:\/\/zelinbio.com\/wp-content\/uploads\/2024\/08\/photobank-38.jpg\" alt=\"\" width=\"900\" height=\"751\" \/><br \/>\n<img loading=\"lazy\" decoding=\"async\" class=\"alignnone wp-image-3506 size-full\" src=\"https:\/\/zelinbio.com\/wp-content\/uploads\/2024\/08\/\u5fae\u4fe1\u56fe\u7247_20240930084914.png\" alt=\"\" width=\"900\" height=\"1199\" \/><\/p>","protected":false},"featured_media":2822,"comment_status":"closed","ping_status":"closed","template":"","meta":{"site-sidebar-layout":"default","site-content-layout":"","ast-site-content-layout":"default","site-content-style":"default","site-sidebar-style":"default","ast-global-header-display":"","ast-banner-title-visibility":"","ast-main-header-display":"","ast-hfb-above-header-display":"","ast-hfb-below-header-display":"","ast-hfb-mobile-header-display":"","site-post-title":"","ast-breadcrumbs-content":"","ast-featured-img":"","footer-sml-layout":"","theme-transparent-header-meta":"default","adv-header-id-meta":"","stick-header-meta":"","header-above-stick-meta":"","header-main-stick-meta":"","header-below-stick-meta":"","astra-migrate-meta-layouts":"set","ast-page-background-enabled":"default","ast-page-background-meta":{"desktop":{"background-color":"","background-image":"","background-repeat":"repeat","background-position":"center center","background-size":"auto","background-attachment":"scroll","background-type":"","background-media":"","overlay-type":"","overlay-color":"","overlay-opacity":"","overlay-gradient":""},"tablet":{"background-color":"","background-image":"","background-repeat":"repeat","background-position":"center center","background-size":"auto","background-attachment":"scroll","background-type":"","background-media":"","overlay-type":"","overlay-color":"","overlay-opacity":"","overlay-gradient":""},"mobile":{"background-color":"","background-image":"","background-repeat":"repeat","background-position":"center center","background-size":"auto","background-attachment":"scroll","background-type":"","background-media":"","overlay-type":"","overlay-color":"","overlay-opacity":"","overlay-gradient":""}},"ast-content-background-meta":{"desktop":{"background-color":"var(--ast-global-color-5)","background-image":"","background-repeat":"repeat","background-position":"center center","background-size":"auto","background-attachment":"scroll","background-type":"","background-media":"","overlay-type":"","overlay-color":"","overlay-opacity":"","overlay-gradient":""},"tablet":{"background-color":"var(--ast-global-color-5)","background-image":"","background-repeat":"repeat","background-position":"center center","background-size":"auto","background-attachment":"scroll","background-type":"","background-media":"","overlay-type":"","overlay-color":"","overlay-opacity":"","overlay-gradient":""},"mobile":{"background-color":"var(--ast-global-color-5)","background-image":"","background-repeat":"repeat","background-position":"center center","background-size":"auto","background-attachment":"scroll","background-type":"","background-media":"","overlay-type":"","overlay-color":"","overlay-opacity":"","overlay-gradient":""}}},"product_brand":[],"product_cat":[34,36],"product_tag":[],"class_list":{"0":"post-2351","1":"product","2":"type-product","3":"status-publish","4":"has-post-thumbnail","6":"product_cat-products","7":"product_cat-black-hair-series","8":"desktop-align-left","9":"tablet-align-left","10":"mobile-align-left","12":"first","13":"instock","14":"shipping-taxable","15":"product-type-simple"},"yoast_head":"<!-- This site is optimized with the Yoast SEO Premium plugin v23.4 (Yoast SEO v26.7) - https:\/\/yoast.com\/wordpress\/plugins\/seo\/ -->\n<title>NUT HAIR DYE Hair Dye - China Hair Color Manufacturer | Hair Products Wholesale<\/title>\n<meta name=\"description\" content=\"Luxurious argan oil-infused hair dye that nourishes while coloring. Packed with rich, hydrating oils, this innovative formula transforms your hair with vibrant color and intense moisture. Shine, strength, and beautiful color in one breakthrough treatment.\" \/>\n<meta name=\"robots\" content=\"index, follow, max-snippet:-1, max-image-preview:large, max-video-preview:-1\" \/>\n<link rel=\"canonical\" href=\"https:\/\/zelinbio.com\/es\/product\/agran-oil-hair-dye\/\" \/>\n<meta property=\"og:locale\" content=\"es_MX\" \/>\n<meta property=\"og:type\" content=\"article\" \/>\n<meta property=\"og:title\" content=\"NUT HAIR DYE\" \/>\n<meta property=\"og:description\" content=\"Luxurious argan oil-infused hair dye that nourishes while coloring. Packed with rich, hydrating oils, this innovative formula transforms your hair with vibrant color and intense moisture. Shine, strength, and beautiful color in one breakthrough treatment.\" \/>\n<meta property=\"og:url\" content=\"https:\/\/zelinbio.com\/es\/product\/agran-oil-hair-dye\/\" \/>\n<meta property=\"og:site_name\" content=\"China Hair Color Manufacturer | Hair Products Wholesale\" \/>\n<meta property=\"article:publisher\" content=\"https:\/\/www.facebook.com\/profile.php?id=61560709493579\" \/>\n<meta property=\"article:modified_time\" content=\"2025-03-20T04:10:38+00:00\" \/>\n<meta property=\"og:image\" content=\"https:\/\/zelinbio.com\/wp-content\/uploads\/2024\/08\/photobank-29.jpg\" \/>\n\t<meta property=\"og:image:width\" content=\"800\" \/>\n\t<meta property=\"og:image:height\" content=\"801\" \/>\n\t<meta property=\"og:image:type\" content=\"image\/jpeg\" \/>\n<meta name=\"twitter:card\" content=\"summary_large_image\" \/>\n<meta name=\"twitter:label1\" content=\"Tiempo de lectura\" \/>\n\t<meta name=\"twitter:data1\" content=\"1 minuto\" \/>\n<script type=\"application\/ld+json\" class=\"yoast-schema-graph\">{\"@context\":\"https:\/\/schema.org\",\"@graph\":[{\"@type\":\"WebPage\",\"@id\":\"https:\/\/zelinbio.com\/product\/agran-oil-hair-dye\/\",\"url\":\"https:\/\/zelinbio.com\/product\/agran-oil-hair-dye\/\",\"name\":\"NUT HAIR DYE Hair Dye - China Hair Color Manufacturer | Hair Products Wholesale\",\"isPartOf\":{\"@id\":\"https:\/\/zelinbio.com\/#website\"},\"primaryImageOfPage\":{\"@id\":\"https:\/\/zelinbio.com\/product\/agran-oil-hair-dye\/#primaryimage\"},\"image\":{\"@id\":\"https:\/\/zelinbio.com\/product\/agran-oil-hair-dye\/#primaryimage\"},\"thumbnailUrl\":\"https:\/\/zelinbio.com\/wp-content\/uploads\/2024\/08\/photobank-29.jpg\",\"datePublished\":\"2024-08-16T02:33:19+00:00\",\"dateModified\":\"2025-03-20T04:10:38+00:00\",\"description\":\"Luxurious argan oil-infused hair dye that nourishes while coloring. Packed with rich, hydrating oils, this innovative formula transforms your hair with vibrant color and intense moisture. Shine, strength, and beautiful color in one breakthrough treatment.\",\"breadcrumb\":{\"@id\":\"https:\/\/zelinbio.com\/product\/agran-oil-hair-dye\/#breadcrumb\"},\"inLanguage\":\"es\",\"potentialAction\":[{\"@type\":\"ReadAction\",\"target\":[\"https:\/\/zelinbio.com\/product\/agran-oil-hair-dye\/\"]}]},{\"@type\":\"ImageObject\",\"inLanguage\":\"es\",\"@id\":\"https:\/\/zelinbio.com\/product\/agran-oil-hair-dye\/#primaryimage\",\"url\":\"https:\/\/zelinbio.com\/wp-content\/uploads\/2024\/08\/photobank-29.jpg\",\"contentUrl\":\"https:\/\/zelinbio.com\/wp-content\/uploads\/2024\/08\/photobank-29.jpg\",\"width\":800,\"height\":801,\"caption\":\"NUT HAIR DYE\"},{\"@type\":\"BreadcrumbList\",\"@id\":\"https:\/\/zelinbio.com\/product\/agran-oil-hair-dye\/#breadcrumb\",\"itemListElement\":[{\"@type\":\"ListItem\",\"position\":1,\"name\":\"Home\",\"item\":\"https:\/\/zelinbio.com\/\"},{\"@type\":\"ListItem\",\"position\":2,\"name\":\"Products\",\"item\":\"https:\/\/zelinbio.com\/products\/\"},{\"@type\":\"ListItem\",\"position\":3,\"name\":\"NUT HAIR DYE\"}]},{\"@type\":\"WebSite\",\"@id\":\"https:\/\/zelinbio.com\/#website\",\"url\":\"https:\/\/zelinbio.com\/\",\"name\":\"China Hair Color Manufacturer | Hair Products Wholesale\",\"description\":\"China Hair Color Manufacturer | Hair Products Wholesale\",\"publisher\":{\"@id\":\"https:\/\/zelinbio.com\/#organization\"},\"alternateName\":\"Hair Products Wholesale\",\"potentialAction\":[{\"@type\":\"SearchAction\",\"target\":{\"@type\":\"EntryPoint\",\"urlTemplate\":\"https:\/\/zelinbio.com\/?s={search_term_string}\"},\"query-input\":{\"@type\":\"PropertyValueSpecification\",\"valueRequired\":true,\"valueName\":\"search_term_string\"}}],\"inLanguage\":\"es\"},{\"@type\":\"Organization\",\"@id\":\"https:\/\/zelinbio.com\/#organization\",\"name\":\"Hair Products Wholesale | China Professional Manufacturer\",\"alternateName\":\"ZeLin Bio\",\"url\":\"https:\/\/zelinbio.com\/\",\"logo\":{\"@type\":\"ImageObject\",\"inLanguage\":\"es\",\"@id\":\"https:\/\/zelinbio.com\/#\/schema\/logo\/image\/\",\"url\":\"https:\/\/zelinbio.com\/wp-content\/uploads\/2024\/08\/cropped-\u7eaflogo.png\",\"contentUrl\":\"https:\/\/zelinbio.com\/wp-content\/uploads\/2024\/08\/cropped-\u7eaflogo.png\",\"width\":512,\"height\":512,\"caption\":\"Hair Products Wholesale | China Professional Manufacturer\"},\"image\":{\"@id\":\"https:\/\/zelinbio.com\/#\/schema\/logo\/image\/\"},\"sameAs\":[\"https:\/\/www.facebook.com\/profile.php?id=61560709493579\"]}]}<\/script>\n<!-- \/ Yoast SEO Premium plugin. -->","yoast_head_json":{"title":"NUT HAIR DYE Hair Dye - China Hair Color Manufacturer | Hair Products Wholesale","description":"Luxurious argan oil-infused hair dye that nourishes while coloring. Packed with rich, hydrating oils, this innovative formula transforms your hair with vibrant color and intense moisture. Shine, strength, and beautiful color in one breakthrough treatment.","robots":{"index":"index","follow":"follow","max-snippet":"max-snippet:-1","max-image-preview":"max-image-preview:large","max-video-preview":"max-video-preview:-1"},"canonical":"https:\/\/zelinbio.com\/es\/product\/agran-oil-hair-dye\/","og_locale":"es_MX","og_type":"article","og_title":"NUT HAIR DYE","og_description":"Luxurious argan oil-infused hair dye that nourishes while coloring. Packed with rich, hydrating oils, this innovative formula transforms your hair with vibrant color and intense moisture. Shine, strength, and beautiful color in one breakthrough treatment.","og_url":"https:\/\/zelinbio.com\/es\/product\/agran-oil-hair-dye\/","og_site_name":"China Hair Color Manufacturer | Hair Products Wholesale","article_publisher":"https:\/\/www.facebook.com\/profile.php?id=61560709493579","article_modified_time":"2025-03-20T04:10:38+00:00","og_image":[{"width":800,"height":801,"url":"https:\/\/zelinbio.com\/wp-content\/uploads\/2024\/08\/photobank-29.jpg","type":"image\/jpeg"}],"twitter_card":"summary_large_image","twitter_misc":{"Tiempo de lectura":"1 minuto"},"schema":{"@context":"https:\/\/schema.org","@graph":[{"@type":"WebPage","@id":"https:\/\/zelinbio.com\/product\/agran-oil-hair-dye\/","url":"https:\/\/zelinbio.com\/product\/agran-oil-hair-dye\/","name":"NUT HAIR DYE Hair Dye - China Hair Color Manufacturer | Hair Products Wholesale","isPartOf":{"@id":"https:\/\/zelinbio.com\/#website"},"primaryImageOfPage":{"@id":"https:\/\/zelinbio.com\/product\/agran-oil-hair-dye\/#primaryimage"},"image":{"@id":"https:\/\/zelinbio.com\/product\/agran-oil-hair-dye\/#primaryimage"},"thumbnailUrl":"https:\/\/zelinbio.com\/wp-content\/uploads\/2024\/08\/photobank-29.jpg","datePublished":"2024-08-16T02:33:19+00:00","dateModified":"2025-03-20T04:10:38+00:00","description":"Luxurious argan oil-infused hair dye that nourishes while coloring. Packed with rich, hydrating oils, this innovative formula transforms your hair with vibrant color and intense moisture. Shine, strength, and beautiful color in one breakthrough treatment.","breadcrumb":{"@id":"https:\/\/zelinbio.com\/product\/agran-oil-hair-dye\/#breadcrumb"},"inLanguage":"es","potentialAction":[{"@type":"ReadAction","target":["https:\/\/zelinbio.com\/product\/agran-oil-hair-dye\/"]}]},{"@type":"ImageObject","inLanguage":"es","@id":"https:\/\/zelinbio.com\/product\/agran-oil-hair-dye\/#primaryimage","url":"https:\/\/zelinbio.com\/wp-content\/uploads\/2024\/08\/photobank-29.jpg","contentUrl":"https:\/\/zelinbio.com\/wp-content\/uploads\/2024\/08\/photobank-29.jpg","width":800,"height":801,"caption":"NUT HAIR DYE"},{"@type":"BreadcrumbList","@id":"https:\/\/zelinbio.com\/product\/agran-oil-hair-dye\/#breadcrumb","itemListElement":[{"@type":"ListItem","position":1,"name":"Home","item":"https:\/\/zelinbio.com\/"},{"@type":"ListItem","position":2,"name":"Products","item":"https:\/\/zelinbio.com\/products\/"},{"@type":"ListItem","position":3,"name":"NUT HAIR DYE"}]},{"@type":"WebSite","@id":"https:\/\/zelinbio.com\/#website","url":"https:\/\/zelinbio.com\/","name":"China Hair Color Manufacturer | Hair Products Wholesale","description":"China Hair Color Manufacturer | Hair Products Wholesale","publisher":{"@id":"https:\/\/zelinbio.com\/#organization"},"alternateName":"Hair Products Wholesale","potentialAction":[{"@type":"SearchAction","target":{"@type":"EntryPoint","urlTemplate":"https:\/\/zelinbio.com\/?s={search_term_string}"},"query-input":{"@type":"PropertyValueSpecification","valueRequired":true,"valueName":"search_term_string"}}],"inLanguage":"es"},{"@type":"Organization","@id":"https:\/\/zelinbio.com\/#organization","name":"Venta al por mayor de productos para el cabello | Fabricante profesional de China","alternateName":"ZeLin Bio","url":"https:\/\/zelinbio.com\/","logo":{"@type":"ImageObject","inLanguage":"es","@id":"https:\/\/zelinbio.com\/#\/schema\/logo\/image\/","url":"https:\/\/zelinbio.com\/wp-content\/uploads\/2024\/08\/cropped-\u7eaflogo.png","contentUrl":"https:\/\/zelinbio.com\/wp-content\/uploads\/2024\/08\/cropped-\u7eaflogo.png","width":512,"height":512,"caption":"Hair Products Wholesale | China Professional Manufacturer"},"image":{"@id":"https:\/\/zelinbio.com\/#\/schema\/logo\/image\/"},"sameAs":["https:\/\/www.facebook.com\/profile.php?id=61560709493579"]}]}},"_links":{"self":[{"href":"https:\/\/zelinbio.com\/es\/wp-json\/wp\/v2\/product\/2351","targetHints":{"allow":["GET"]}}],"collection":[{"href":"https:\/\/zelinbio.com\/es\/wp-json\/wp\/v2\/product"}],"about":[{"href":"https:\/\/zelinbio.com\/es\/wp-json\/wp\/v2\/types\/product"}],"replies":[{"embeddable":true,"href":"https:\/\/zelinbio.com\/es\/wp-json\/wp\/v2\/comments?post=2351"}],"wp:featuredmedia":[{"embeddable":true,"href":"https:\/\/zelinbio.com\/es\/wp-json\/wp\/v2\/media\/2822"}],"wp:attachment":[{"href":"https:\/\/zelinbio.com\/es\/wp-json\/wp\/v2\/media?parent=2351"}],"wp:term":[{"taxonomy":"product_brand","embeddable":true,"href":"https:\/\/zelinbio.com\/es\/wp-json\/wp\/v2\/product_brand?post=2351"},{"taxonomy":"product_cat","embeddable":true,"href":"https:\/\/zelinbio.com\/es\/wp-json\/wp\/v2\/product_cat?post=2351"},{"taxonomy":"product_tag","embeddable":true,"href":"https:\/\/zelinbio.com\/es\/wp-json\/wp\/v2\/product_tag?post=2351"}],"curies":[{"name":"wp","href":"https:\/\/api.w.org\/{rel}","templated":true}]}}