{"id":2356,"date":"2024-08-16T02:39:12","date_gmt":"2024-08-16T02:39:12","guid":{"rendered":"https:\/\/zelinbio.com\/?post_type=product&#038;p=2356"},"modified":"2025-03-20T04:10:42","modified_gmt":"2025-03-20T04:10:42","slug":"hair-dye-4","status":"publish","type":"product","link":"https:\/\/zelinbio.com\/es\/product\/hair-dye-4\/","title":{"rendered":"CHAMP\u00da PARA CABELLO NEGRO"},"content":{"rendered":"<p class=\"translation-block\">Tipo: Tinte para el cabello<br>\nForma: Crema de champ\u00fa<br>\nVolumen: 200 ml<br>\nCantidad: 50 cajas\/caja<br>\nTama\u00f1o de la caja: 520*360*220 (mm)<br>\nCertificado: ISO SGS GMPC An\u00e1lisis FDA<br>\nFunci\u00f3n: 5 minutos para te\u00f1ir el cabello de negro<br>\nGrupo de edad: Adulto<br>\nColor: Negro, marr\u00f3n casta\u00f1o, caf\u00e9, marr\u00f3n negro, marr\u00f3n lino, violeta uva, burdeos, cian opaco, azul negro, marr\u00f3n oscuro, chocolate<br>\nCaracter\u00edstica: Extractos de nueces, tinte r\u00e1pido para el cabello 3 en 1<\/p>","protected":false},"excerpt":{"rendered":"<p><img fetchpriority=\"high\" decoding=\"async\" class=\"alignnone wp-image-2738\" src=\"https:\/\/zelinbio.com\/wp-content\/uploads\/2024\/08\/photobank-10.png\" alt=\"\" width=\"900\" height=\"850\" \/><br \/>\n<img decoding=\"async\" class=\"alignnone wp-image-2739\" src=\"https:\/\/zelinbio.com\/wp-content\/uploads\/2024\/08\/photobank-11.png\" alt=\"\" width=\"900\" height=\"642\" \/><br \/>\n<img decoding=\"async\" class=\"alignnone wp-image-2740\" src=\"https:\/\/zelinbio.com\/wp-content\/uploads\/2024\/08\/photobank-12.png\" alt=\"\" width=\"900\" height=\"602\" \/><br \/>\n<img loading=\"lazy\" decoding=\"async\" class=\"alignnone wp-image-2741\" src=\"https:\/\/zelinbio.com\/wp-content\/uploads\/2024\/08\/photobank-13.png\" alt=\"\" width=\"900\" height=\"546\" \/><br \/>\n<img loading=\"lazy\" decoding=\"async\" class=\"alignnone wp-image-3506 size-full\" src=\"https:\/\/zelinbio.com\/wp-content\/uploads\/2024\/08\/\u5fae\u4fe1\u56fe\u7247_20240930084914.png\" alt=\"\" width=\"900\" height=\"1199\" \/><\/p>","protected":false},"featured_media":2357,"comment_status":"closed","ping_status":"closed","template":"","meta":{"site-sidebar-layout":"default","site-content-layout":"","ast-site-content-layout":"default","site-content-style":"default","site-sidebar-style":"default","ast-global-header-display":"","ast-banner-title-visibility":"","ast-main-header-display":"","ast-hfb-above-header-display":"","ast-hfb-below-header-display":"","ast-hfb-mobile-header-display":"","site-post-title":"","ast-breadcrumbs-content":"","ast-featured-img":"","footer-sml-layout":"","ast-disable-related-posts":"","theme-transparent-header-meta":"default","adv-header-id-meta":"","stick-header-meta":"","header-above-stick-meta":"","header-main-stick-meta":"","header-below-stick-meta":"","astra-migrate-meta-layouts":"set","ast-page-background-enabled":"default","ast-page-background-meta":{"desktop":{"background-color":"","background-image":"","background-repeat":"repeat","background-position":"center center","background-size":"auto","background-attachment":"scroll","background-type":"","background-media":"","overlay-type":"","overlay-color":"","overlay-opacity":"","overlay-gradient":""},"tablet":{"background-color":"","background-image":"","background-repeat":"repeat","background-position":"center center","background-size":"auto","background-attachment":"scroll","background-type":"","background-media":"","overlay-type":"","overlay-color":"","overlay-opacity":"","overlay-gradient":""},"mobile":{"background-color":"","background-image":"","background-repeat":"repeat","background-position":"center center","background-size":"auto","background-attachment":"scroll","background-type":"","background-media":"","overlay-type":"","overlay-color":"","overlay-opacity":"","overlay-gradient":""}},"ast-content-background-meta":{"desktop":{"background-color":"var(--ast-global-color-5)","background-image":"","background-repeat":"repeat","background-position":"center center","background-size":"auto","background-attachment":"scroll","background-type":"","background-media":"","overlay-type":"","overlay-color":"","overlay-opacity":"","overlay-gradient":""},"tablet":{"background-color":"var(--ast-global-color-5)","background-image":"","background-repeat":"repeat","background-position":"center center","background-size":"auto","background-attachment":"scroll","background-type":"","background-media":"","overlay-type":"","overlay-color":"","overlay-opacity":"","overlay-gradient":""},"mobile":{"background-color":"var(--ast-global-color-5)","background-image":"","background-repeat":"repeat","background-position":"center center","background-size":"auto","background-attachment":"scroll","background-type":"","background-media":"","overlay-type":"","overlay-color":"","overlay-opacity":"","overlay-gradient":""}}},"product_brand":[],"product_cat":[36,34],"product_tag":[],"class_list":{"0":"post-2356","1":"product","2":"type-product","3":"status-publish","4":"has-post-thumbnail","6":"product_cat-black-hair-series","7":"product_cat-products","8":"desktop-align-left","9":"tablet-align-left","10":"mobile-align-left","12":"first","13":"instock","14":"shipping-taxable","15":"product-type-simple"},"yoast_head":"<!-- This site is optimized with the Yoast SEO Premium plugin v23.4 (Yoast SEO v27.4) - https:\/\/yoast.com\/product\/yoast-seo-premium-wordpress\/ -->\n<title>BLACK HAIR SHAMPOO - China Hair Color Manufacturer | Hair Products Wholesale<\/title>\n<meta name=\"robots\" content=\"index, follow, max-snippet:-1, max-image-preview:large, max-video-preview:-1\" \/>\n<link rel=\"canonical\" href=\"https:\/\/zelinbio.com\/es\/product\/hair-dye-4\/\" \/>\n<meta property=\"og:locale\" content=\"es_MX\" \/>\n<meta property=\"og:type\" content=\"article\" \/>\n<meta property=\"og:title\" content=\"BLACK HAIR SHAMPOO\" \/>\n<meta property=\"og:url\" content=\"https:\/\/zelinbio.com\/es\/product\/hair-dye-4\/\" \/>\n<meta property=\"og:site_name\" content=\"China Hair Color Manufacturer | Hair Products Wholesale\" \/>\n<meta property=\"article:publisher\" content=\"https:\/\/www.facebook.com\/profile.php?id=61560709493579\" \/>\n<meta property=\"article:modified_time\" content=\"2025-03-20T04:10:42+00:00\" \/>\n<meta property=\"og:image\" content=\"https:\/\/zelinbio.com\/wp-content\/uploads\/2024\/08\/8.jpg\" \/>\n\t<meta property=\"og:image:width\" content=\"800\" \/>\n\t<meta property=\"og:image:height\" content=\"800\" \/>\n\t<meta property=\"og:image:type\" content=\"image\/jpeg\" \/>\n<meta name=\"twitter:card\" content=\"summary_large_image\" \/>\n<meta name=\"twitter:label1\" content=\"Tiempo de lectura\" \/>\n\t<meta name=\"twitter:data1\" content=\"1 minuto\" \/>\n<script type=\"application\/ld+json\" class=\"yoast-schema-graph\">{\"@context\":\"https:\\\/\\\/schema.org\",\"@graph\":[{\"@type\":\"WebPage\",\"@id\":\"https:\\\/\\\/zelinbio.com\\\/product\\\/hair-dye-4\\\/\",\"url\":\"https:\\\/\\\/zelinbio.com\\\/product\\\/hair-dye-4\\\/\",\"name\":\"BLACK HAIR SHAMPOO - China Hair Color Manufacturer | Hair Products Wholesale\",\"isPartOf\":{\"@id\":\"https:\\\/\\\/zelinbio.com\\\/#website\"},\"primaryImageOfPage\":{\"@id\":\"https:\\\/\\\/zelinbio.com\\\/product\\\/hair-dye-4\\\/#primaryimage\"},\"image\":{\"@id\":\"https:\\\/\\\/zelinbio.com\\\/product\\\/hair-dye-4\\\/#primaryimage\"},\"thumbnailUrl\":\"https:\\\/\\\/zelinbio.com\\\/wp-content\\\/uploads\\\/2024\\\/08\\\/8.jpg\",\"datePublished\":\"2024-08-16T02:39:12+00:00\",\"dateModified\":\"2025-03-20T04:10:42+00:00\",\"breadcrumb\":{\"@id\":\"https:\\\/\\\/zelinbio.com\\\/product\\\/hair-dye-4\\\/#breadcrumb\"},\"inLanguage\":\"es\",\"potentialAction\":[{\"@type\":\"ReadAction\",\"target\":[\"https:\\\/\\\/zelinbio.com\\\/product\\\/hair-dye-4\\\/\"]}]},{\"@type\":\"ImageObject\",\"inLanguage\":\"es\",\"@id\":\"https:\\\/\\\/zelinbio.com\\\/product\\\/hair-dye-4\\\/#primaryimage\",\"url\":\"https:\\\/\\\/zelinbio.com\\\/wp-content\\\/uploads\\\/2024\\\/08\\\/8.jpg\",\"contentUrl\":\"https:\\\/\\\/zelinbio.com\\\/wp-content\\\/uploads\\\/2024\\\/08\\\/8.jpg\",\"width\":800,\"height\":800,\"caption\":\"argan oil hair color\"},{\"@type\":\"BreadcrumbList\",\"@id\":\"https:\\\/\\\/zelinbio.com\\\/product\\\/hair-dye-4\\\/#breadcrumb\",\"itemListElement\":[{\"@type\":\"ListItem\",\"position\":1,\"name\":\"Home\",\"item\":\"https:\\\/\\\/zelinbio.com\\\/\"},{\"@type\":\"ListItem\",\"position\":2,\"name\":\"Products\",\"item\":\"https:\\\/\\\/zelinbio.com\\\/products\\\/\"},{\"@type\":\"ListItem\",\"position\":3,\"name\":\"BLACK HAIR SHAMPOO\"}]},{\"@type\":\"WebSite\",\"@id\":\"https:\\\/\\\/zelinbio.com\\\/#website\",\"url\":\"https:\\\/\\\/zelinbio.com\\\/\",\"name\":\"China Hair Color Manufacturer | Hair Products Wholesale\",\"description\":\"China Hair Color Manufacturer | Hair Products Wholesale\",\"publisher\":{\"@id\":\"https:\\\/\\\/zelinbio.com\\\/#organization\"},\"alternateName\":\"Hair Products Wholesale\",\"potentialAction\":[{\"@type\":\"SearchAction\",\"target\":{\"@type\":\"EntryPoint\",\"urlTemplate\":\"https:\\\/\\\/zelinbio.com\\\/?s={search_term_string}\"},\"query-input\":{\"@type\":\"PropertyValueSpecification\",\"valueRequired\":true,\"valueName\":\"search_term_string\"}}],\"inLanguage\":\"es\"},{\"@type\":\"Organization\",\"@id\":\"https:\\\/\\\/zelinbio.com\\\/#organization\",\"name\":\"Hair Products Wholesale | China Professional Manufacturer\",\"alternateName\":\"ZeLin Bio\",\"url\":\"https:\\\/\\\/zelinbio.com\\\/\",\"logo\":{\"@type\":\"ImageObject\",\"inLanguage\":\"es\",\"@id\":\"https:\\\/\\\/zelinbio.com\\\/#\\\/schema\\\/logo\\\/image\\\/\",\"url\":\"https:\\\/\\\/zelinbio.com\\\/wp-content\\\/uploads\\\/2024\\\/08\\\/cropped-\u7eaflogo.png\",\"contentUrl\":\"https:\\\/\\\/zelinbio.com\\\/wp-content\\\/uploads\\\/2024\\\/08\\\/cropped-\u7eaflogo.png\",\"width\":512,\"height\":512,\"caption\":\"Hair Products Wholesale | China Professional Manufacturer\"},\"image\":{\"@id\":\"https:\\\/\\\/zelinbio.com\\\/#\\\/schema\\\/logo\\\/image\\\/\"},\"sameAs\":[\"https:\\\/\\\/www.facebook.com\\\/profile.php?id=61560709493579\"]}]}<\/script>\n<!-- \/ Yoast SEO Premium plugin. -->","yoast_head_json":{"title":"BLACK HAIR SHAMPOO - China Hair Color Manufacturer | Hair Products Wholesale","robots":{"index":"index","follow":"follow","max-snippet":"max-snippet:-1","max-image-preview":"max-image-preview:large","max-video-preview":"max-video-preview:-1"},"canonical":"https:\/\/zelinbio.com\/es\/product\/hair-dye-4\/","og_locale":"es_MX","og_type":"article","og_title":"BLACK HAIR SHAMPOO","og_url":"https:\/\/zelinbio.com\/es\/product\/hair-dye-4\/","og_site_name":"China Hair Color Manufacturer | Hair Products Wholesale","article_publisher":"https:\/\/www.facebook.com\/profile.php?id=61560709493579","article_modified_time":"2025-03-20T04:10:42+00:00","og_image":[{"width":800,"height":800,"url":"https:\/\/zelinbio.com\/wp-content\/uploads\/2024\/08\/8.jpg","type":"image\/jpeg"}],"twitter_card":"summary_large_image","twitter_misc":{"Tiempo de lectura":"1 minuto"},"schema":{"@context":"https:\/\/schema.org","@graph":[{"@type":"WebPage","@id":"https:\/\/zelinbio.com\/product\/hair-dye-4\/","url":"https:\/\/zelinbio.com\/product\/hair-dye-4\/","name":"BLACK HAIR SHAMPOO - China Hair Color Manufacturer | Hair Products Wholesale","isPartOf":{"@id":"https:\/\/zelinbio.com\/#website"},"primaryImageOfPage":{"@id":"https:\/\/zelinbio.com\/product\/hair-dye-4\/#primaryimage"},"image":{"@id":"https:\/\/zelinbio.com\/product\/hair-dye-4\/#primaryimage"},"thumbnailUrl":"https:\/\/zelinbio.com\/wp-content\/uploads\/2024\/08\/8.jpg","datePublished":"2024-08-16T02:39:12+00:00","dateModified":"2025-03-20T04:10:42+00:00","breadcrumb":{"@id":"https:\/\/zelinbio.com\/product\/hair-dye-4\/#breadcrumb"},"inLanguage":"es","potentialAction":[{"@type":"ReadAction","target":["https:\/\/zelinbio.com\/product\/hair-dye-4\/"]}]},{"@type":"ImageObject","inLanguage":"es","@id":"https:\/\/zelinbio.com\/product\/hair-dye-4\/#primaryimage","url":"https:\/\/zelinbio.com\/wp-content\/uploads\/2024\/08\/8.jpg","contentUrl":"https:\/\/zelinbio.com\/wp-content\/uploads\/2024\/08\/8.jpg","width":800,"height":800,"caption":"argan oil hair color"},{"@type":"BreadcrumbList","@id":"https:\/\/zelinbio.com\/product\/hair-dye-4\/#breadcrumb","itemListElement":[{"@type":"ListItem","position":1,"name":"Home","item":"https:\/\/zelinbio.com\/"},{"@type":"ListItem","position":2,"name":"Products","item":"https:\/\/zelinbio.com\/products\/"},{"@type":"ListItem","position":3,"name":"BLACK HAIR SHAMPOO"}]},{"@type":"WebSite","@id":"https:\/\/zelinbio.com\/#website","url":"https:\/\/zelinbio.com\/","name":"China Hair Color Manufacturer | Hair Products Wholesale","description":"China Hair Color Manufacturer | Hair Products Wholesale","publisher":{"@id":"https:\/\/zelinbio.com\/#organization"},"alternateName":"Hair Products Wholesale","potentialAction":[{"@type":"SearchAction","target":{"@type":"EntryPoint","urlTemplate":"https:\/\/zelinbio.com\/?s={search_term_string}"},"query-input":{"@type":"PropertyValueSpecification","valueRequired":true,"valueName":"search_term_string"}}],"inLanguage":"es"},{"@type":"Organization","@id":"https:\/\/zelinbio.com\/#organization","name":"Venta al por mayor de productos para el cabello | Fabricante profesional de China","alternateName":"ZeLin Bio","url":"https:\/\/zelinbio.com\/","logo":{"@type":"ImageObject","inLanguage":"es","@id":"https:\/\/zelinbio.com\/#\/schema\/logo\/image\/","url":"https:\/\/zelinbio.com\/wp-content\/uploads\/2024\/08\/cropped-\u7eaflogo.png","contentUrl":"https:\/\/zelinbio.com\/wp-content\/uploads\/2024\/08\/cropped-\u7eaflogo.png","width":512,"height":512,"caption":"Hair Products Wholesale | China Professional Manufacturer"},"image":{"@id":"https:\/\/zelinbio.com\/#\/schema\/logo\/image\/"},"sameAs":["https:\/\/www.facebook.com\/profile.php?id=61560709493579"]}]}},"_links":{"self":[{"href":"https:\/\/zelinbio.com\/es\/wp-json\/wp\/v2\/product\/2356","targetHints":{"allow":["GET"]}}],"collection":[{"href":"https:\/\/zelinbio.com\/es\/wp-json\/wp\/v2\/product"}],"about":[{"href":"https:\/\/zelinbio.com\/es\/wp-json\/wp\/v2\/types\/product"}],"replies":[{"embeddable":true,"href":"https:\/\/zelinbio.com\/es\/wp-json\/wp\/v2\/comments?post=2356"}],"wp:featuredmedia":[{"embeddable":true,"href":"https:\/\/zelinbio.com\/es\/wp-json\/wp\/v2\/media\/2357"}],"wp:attachment":[{"href":"https:\/\/zelinbio.com\/es\/wp-json\/wp\/v2\/media?parent=2356"}],"wp:term":[{"taxonomy":"product_brand","embeddable":true,"href":"https:\/\/zelinbio.com\/es\/wp-json\/wp\/v2\/product_brand?post=2356"},{"taxonomy":"product_cat","embeddable":true,"href":"https:\/\/zelinbio.com\/es\/wp-json\/wp\/v2\/product_cat?post=2356"},{"taxonomy":"product_tag","embeddable":true,"href":"https:\/\/zelinbio.com\/es\/wp-json\/wp\/v2\/product_tag?post=2356"}],"curies":[{"name":"wp","href":"https:\/\/api.w.org\/{rel}","templated":true}]}}