{"id":2718,"date":"2024-08-24T08:29:10","date_gmt":"2024-08-24T08:29:10","guid":{"rendered":"https:\/\/zelinbio.com\/?post_type=product&#038;p=2718"},"modified":"2025-08-07T06:52:35","modified_gmt":"2025-08-07T06:52:35","slug":"hair-dyeing-cream","status":"publish","type":"product","link":"https:\/\/zelinbio.com\/fr\/product\/hair-dyeing-cream\/","title":{"rendered":"\u3010DYE EMPEROR\u3011CR\u00c8ME DE TEINTURE POUR CHEVEUX"},"content":{"rendered":"<p class=\"translation-block\">Type : Teinture pour cheveux<br>\nMarque : DYE EMPEROR<br>\nForme : Shampoing cr\u00e8me<br>\nVolume : 400 g<br>\nQuantit\u00e9 : 30 bo\u00eetes\/carton<br>\nTaille du carton : 564 x 446 x 261 mm<br>\nCertificat : Analyse ISO SGS GMPC FDA<br>\nFonction : Teindre les cheveux en noir en 5 minutes<br>\nGroupe d'\u00e2ge : Adulte<br>\nCouleur : Noir, marron, marron, noir<br>\nCaract\u00e9ristique : Essence v\u00e9g\u00e9tale naturelle Soin doux pour la coloration des cheveux Parfum non piquant<\/p>","protected":false},"excerpt":{"rendered":"<div style=\"width: 1920px;\" class=\"wp-video\"><!--[if lt IE 9]><script>document.createElement('video');<\/script><![endif]--><br \/>\n<video class=\"wp-video-shortcode\" id=\"video-2718-1\" width=\"1920\" height=\"1080\" preload=\"metadata\" controls=\"controls\"><source type=\"video\/mp4\" src=\"https:\/\/zelinbio.com\/wp-content\/uploads\/2024\/08\/\u70ab\u5f69\u67d3.mp4?_=1\" \/><a href=\"https:\/\/zelinbio.com\/wp-content\/uploads\/2024\/08\/\u70ab\u5f69\u67d3.mp4\">https:\/\/zelinbio.com\/wp-content\/uploads\/2024\/08\/\u70ab\u5f69\u67d3.mp4<\/a><\/video><\/div>\n<p><img fetchpriority=\"high\" decoding=\"async\" class=\"alignnone size-full wp-image-4714\" src=\"https:\/\/zelinbio.com\/wp-content\/uploads\/2024\/08\/1-10.jpg\" alt=\"\" width=\"980\" height=\"1053\" \/><br \/>\n<img decoding=\"async\" class=\"alignnone size-full wp-image-4715\" src=\"https:\/\/zelinbio.com\/wp-content\/uploads\/2024\/08\/2-11.jpg\" alt=\"\" width=\"980\" height=\"2380\" \/><br \/>\n<img decoding=\"async\" class=\"alignnone size-full wp-image-4716\" src=\"https:\/\/zelinbio.com\/wp-content\/uploads\/2024\/08\/3-13-scaled.jpg\" alt=\"\" width=\"980\" height=\"2560\" \/><br \/>\n<img loading=\"lazy\" decoding=\"async\" class=\"alignnone size-full wp-image-4717\" src=\"https:\/\/zelinbio.com\/wp-content\/uploads\/2024\/08\/4-10-scaled.jpg\" alt=\"\" width=\"980\" height=\"2560\" \/><\/p>","protected":false},"featured_media":4713,"comment_status":"closed","ping_status":"closed","template":"","meta":{"site-sidebar-layout":"default","site-content-layout":"","ast-site-content-layout":"default","site-content-style":"default","site-sidebar-style":"default","ast-global-header-display":"","ast-banner-title-visibility":"","ast-main-header-display":"","ast-hfb-above-header-display":"","ast-hfb-below-header-display":"","ast-hfb-mobile-header-display":"","site-post-title":"","ast-breadcrumbs-content":"","ast-featured-img":"","footer-sml-layout":"","theme-transparent-header-meta":"default","adv-header-id-meta":"","stick-header-meta":"","header-above-stick-meta":"","header-main-stick-meta":"","header-below-stick-meta":"","astra-migrate-meta-layouts":"set","ast-page-background-enabled":"default","ast-page-background-meta":{"desktop":{"background-color":"","background-image":"","background-repeat":"repeat","background-position":"center center","background-size":"auto","background-attachment":"scroll","background-type":"","background-media":"","overlay-type":"","overlay-color":"","overlay-opacity":"","overlay-gradient":""},"tablet":{"background-color":"","background-image":"","background-repeat":"repeat","background-position":"center center","background-size":"auto","background-attachment":"scroll","background-type":"","background-media":"","overlay-type":"","overlay-color":"","overlay-opacity":"","overlay-gradient":""},"mobile":{"background-color":"","background-image":"","background-repeat":"repeat","background-position":"center center","background-size":"auto","background-attachment":"scroll","background-type":"","background-media":"","overlay-type":"","overlay-color":"","overlay-opacity":"","overlay-gradient":""}},"ast-content-background-meta":{"desktop":{"background-color":"var(--ast-global-color-5)","background-image":"","background-repeat":"repeat","background-position":"center center","background-size":"auto","background-attachment":"scroll","background-type":"","background-media":"","overlay-type":"","overlay-color":"","overlay-opacity":"","overlay-gradient":""},"tablet":{"background-color":"var(--ast-global-color-5)","background-image":"","background-repeat":"repeat","background-position":"center center","background-size":"auto","background-attachment":"scroll","background-type":"","background-media":"","overlay-type":"","overlay-color":"","overlay-opacity":"","overlay-gradient":""},"mobile":{"background-color":"var(--ast-global-color-5)","background-image":"","background-repeat":"repeat","background-position":"center center","background-size":"auto","background-attachment":"scroll","background-type":"","background-media":"","overlay-type":"","overlay-color":"","overlay-opacity":"","overlay-gradient":""}}},"product_brand":[],"product_cat":[34,36,37],"product_tag":[],"class_list":{"0":"post-2718","1":"product","2":"type-product","3":"status-publish","4":"has-post-thumbnail","6":"product_cat-products","7":"product_cat-black-hair-series","8":"product_cat-color-hair-series","9":"desktop-align-left","10":"tablet-align-left","11":"mobile-align-left","13":"first","14":"instock","15":"shipping-taxable","16":"product-type-simple"},"yoast_head":"<!-- This site is optimized with the Yoast SEO Premium plugin v23.4 (Yoast SEO v26.7) - https:\/\/yoast.com\/wordpress\/plugins\/seo\/ -->\n<title>\u3010DYE EMPEROR\u3011HAIR DYEING CREAM - China Hair Color Manufacturer | Hair Products Wholesale<\/title>\n<meta name=\"robots\" content=\"index, follow, max-snippet:-1, max-image-preview:large, max-video-preview:-1\" \/>\n<link rel=\"canonical\" href=\"https:\/\/zelinbio.com\/fr\/product\/hair-dyeing-cream\/\" \/>\n<meta property=\"og:locale\" content=\"fr_FR\" \/>\n<meta property=\"og:type\" content=\"article\" \/>\n<meta property=\"og:title\" content=\"\u3010DYE EMPEROR\u3011HAIR DYEING CREAM\" \/>\n<meta property=\"og:url\" content=\"https:\/\/zelinbio.com\/fr\/product\/hair-dyeing-cream\/\" \/>\n<meta property=\"og:site_name\" content=\"China Hair Color Manufacturer | Hair Products Wholesale\" \/>\n<meta property=\"article:publisher\" content=\"https:\/\/www.facebook.com\/profile.php?id=61560709493579\" \/>\n<meta property=\"article:modified_time\" content=\"2025-08-07T06:52:35+00:00\" \/>\n<meta property=\"og:image\" content=\"https:\/\/zelinbio.com\/wp-content\/uploads\/2024\/08\/\u767d\u5e95\u56fe-1.jpg\" \/>\n\t<meta property=\"og:image:width\" content=\"800\" \/>\n\t<meta property=\"og:image:height\" content=\"800\" \/>\n\t<meta property=\"og:image:type\" content=\"image\/jpeg\" \/>\n<meta name=\"twitter:card\" content=\"summary_large_image\" \/>\n<meta name=\"twitter:description\" content=\"[video width=&quot;1920&quot; height=&quot;1080&quot; mp4=&quot;https:\/\/zelinbio.com\/wp-content\/uploads\/2024\/08\/\u70ab\u5f69\u67d3.mp4&quot;][\/video]\" \/>\n<meta name=\"twitter:label1\" content=\"Dur\u00e9e de lecture estim\u00e9e\" \/>\n\t<meta name=\"twitter:data1\" content=\"1 minute\" \/>\n<script type=\"application\/ld+json\" class=\"yoast-schema-graph\">{\"@context\":\"https:\/\/schema.org\",\"@graph\":[{\"@type\":\"WebPage\",\"@id\":\"https:\/\/zelinbio.com\/product\/hair-dyeing-cream\/\",\"url\":\"https:\/\/zelinbio.com\/product\/hair-dyeing-cream\/\",\"name\":\"\u3010DYE EMPEROR\u3011HAIR DYEING CREAM - China Hair Color Manufacturer | Hair Products Wholesale\",\"isPartOf\":{\"@id\":\"https:\/\/zelinbio.com\/#website\"},\"primaryImageOfPage\":{\"@id\":\"https:\/\/zelinbio.com\/product\/hair-dyeing-cream\/#primaryimage\"},\"image\":{\"@id\":\"https:\/\/zelinbio.com\/product\/hair-dyeing-cream\/#primaryimage\"},\"thumbnailUrl\":\"https:\/\/zelinbio.com\/wp-content\/uploads\/2024\/08\/\u767d\u5e95\u56fe-1.jpg\",\"datePublished\":\"2024-08-24T08:29:10+00:00\",\"dateModified\":\"2025-08-07T06:52:35+00:00\",\"breadcrumb\":{\"@id\":\"https:\/\/zelinbio.com\/product\/hair-dyeing-cream\/#breadcrumb\"},\"inLanguage\":\"fr-FR\",\"potentialAction\":[{\"@type\":\"ReadAction\",\"target\":[\"https:\/\/zelinbio.com\/product\/hair-dyeing-cream\/\"]}]},{\"@type\":\"ImageObject\",\"inLanguage\":\"fr-FR\",\"@id\":\"https:\/\/zelinbio.com\/product\/hair-dyeing-cream\/#primaryimage\",\"url\":\"https:\/\/zelinbio.com\/wp-content\/uploads\/2024\/08\/\u767d\u5e95\u56fe-1.jpg\",\"contentUrl\":\"https:\/\/zelinbio.com\/wp-content\/uploads\/2024\/08\/\u767d\u5e95\u56fe-1.jpg\",\"width\":800,\"height\":800},{\"@type\":\"BreadcrumbList\",\"@id\":\"https:\/\/zelinbio.com\/product\/hair-dyeing-cream\/#breadcrumb\",\"itemListElement\":[{\"@type\":\"ListItem\",\"position\":1,\"name\":\"Home\",\"item\":\"https:\/\/zelinbio.com\/\"},{\"@type\":\"ListItem\",\"position\":2,\"name\":\"Products\",\"item\":\"https:\/\/zelinbio.com\/products\/\"},{\"@type\":\"ListItem\",\"position\":3,\"name\":\"\u3010DYE EMPEROR\u3011HAIR DYEING CREAM\"}]},{\"@type\":\"WebSite\",\"@id\":\"https:\/\/zelinbio.com\/#website\",\"url\":\"https:\/\/zelinbio.com\/\",\"name\":\"China Hair Color Manufacturer | Hair Products Wholesale\",\"description\":\"China Hair Color Manufacturer | Hair Products Wholesale\",\"publisher\":{\"@id\":\"https:\/\/zelinbio.com\/#organization\"},\"alternateName\":\"Hair Products Wholesale\",\"potentialAction\":[{\"@type\":\"SearchAction\",\"target\":{\"@type\":\"EntryPoint\",\"urlTemplate\":\"https:\/\/zelinbio.com\/?s={search_term_string}\"},\"query-input\":{\"@type\":\"PropertyValueSpecification\",\"valueRequired\":true,\"valueName\":\"search_term_string\"}}],\"inLanguage\":\"fr-FR\"},{\"@type\":\"Organization\",\"@id\":\"https:\/\/zelinbio.com\/#organization\",\"name\":\"Hair Products Wholesale | China Professional Manufacturer\",\"alternateName\":\"ZeLin Bio\",\"url\":\"https:\/\/zelinbio.com\/\",\"logo\":{\"@type\":\"ImageObject\",\"inLanguage\":\"fr-FR\",\"@id\":\"https:\/\/zelinbio.com\/#\/schema\/logo\/image\/\",\"url\":\"https:\/\/zelinbio.com\/wp-content\/uploads\/2024\/08\/cropped-\u7eaflogo.png\",\"contentUrl\":\"https:\/\/zelinbio.com\/wp-content\/uploads\/2024\/08\/cropped-\u7eaflogo.png\",\"width\":512,\"height\":512,\"caption\":\"Hair Products Wholesale | China Professional Manufacturer\"},\"image\":{\"@id\":\"https:\/\/zelinbio.com\/#\/schema\/logo\/image\/\"},\"sameAs\":[\"https:\/\/www.facebook.com\/profile.php?id=61560709493579\"]}]}<\/script>\n<!-- \/ Yoast SEO Premium plugin. -->","yoast_head_json":{"title":"\u3010DYE EMPEROR\u3011HAIR DYEING CREAM - China Hair Color Manufacturer | Hair Products Wholesale","robots":{"index":"index","follow":"follow","max-snippet":"max-snippet:-1","max-image-preview":"max-image-preview:large","max-video-preview":"max-video-preview:-1"},"canonical":"https:\/\/zelinbio.com\/fr\/product\/hair-dyeing-cream\/","og_locale":"fr_FR","og_type":"article","og_title":"\u3010DYE EMPEROR\u3011HAIR DYEING CREAM","og_url":"https:\/\/zelinbio.com\/fr\/product\/hair-dyeing-cream\/","og_site_name":"China Hair Color Manufacturer | Hair Products Wholesale","article_publisher":"https:\/\/www.facebook.com\/profile.php?id=61560709493579","article_modified_time":"2025-08-07T06:52:35+00:00","og_image":[{"width":800,"height":800,"url":"https:\/\/zelinbio.com\/wp-content\/uploads\/2024\/08\/\u767d\u5e95\u56fe-1.jpg","type":"image\/jpeg"}],"twitter_card":"summary_large_image","twitter_description":"[video width=\"1920\" height=\"1080\" mp4=\"https:\/\/zelinbio.com\/wp-content\/uploads\/2024\/08\/\u70ab\u5f69\u67d3.mp4\"][\/video]","twitter_misc":{"Dur\u00e9e de lecture estim\u00e9e":"1 minute"},"schema":{"@context":"https:\/\/schema.org","@graph":[{"@type":"WebPage","@id":"https:\/\/zelinbio.com\/product\/hair-dyeing-cream\/","url":"https:\/\/zelinbio.com\/product\/hair-dyeing-cream\/","name":"\u3010DYE EMPEROR\u3011HAIR DYEING CREAM - China Hair Color Manufacturer | Hair Products Wholesale","isPartOf":{"@id":"https:\/\/zelinbio.com\/#website"},"primaryImageOfPage":{"@id":"https:\/\/zelinbio.com\/product\/hair-dyeing-cream\/#primaryimage"},"image":{"@id":"https:\/\/zelinbio.com\/product\/hair-dyeing-cream\/#primaryimage"},"thumbnailUrl":"https:\/\/zelinbio.com\/wp-content\/uploads\/2024\/08\/\u767d\u5e95\u56fe-1.jpg","datePublished":"2024-08-24T08:29:10+00:00","dateModified":"2025-08-07T06:52:35+00:00","breadcrumb":{"@id":"https:\/\/zelinbio.com\/product\/hair-dyeing-cream\/#breadcrumb"},"inLanguage":"fr-FR","potentialAction":[{"@type":"ReadAction","target":["https:\/\/zelinbio.com\/product\/hair-dyeing-cream\/"]}]},{"@type":"ImageObject","inLanguage":"fr-FR","@id":"https:\/\/zelinbio.com\/product\/hair-dyeing-cream\/#primaryimage","url":"https:\/\/zelinbio.com\/wp-content\/uploads\/2024\/08\/\u767d\u5e95\u56fe-1.jpg","contentUrl":"https:\/\/zelinbio.com\/wp-content\/uploads\/2024\/08\/\u767d\u5e95\u56fe-1.jpg","width":800,"height":800},{"@type":"BreadcrumbList","@id":"https:\/\/zelinbio.com\/product\/hair-dyeing-cream\/#breadcrumb","itemListElement":[{"@type":"ListItem","position":1,"name":"Home","item":"https:\/\/zelinbio.com\/"},{"@type":"ListItem","position":2,"name":"Products","item":"https:\/\/zelinbio.com\/products\/"},{"@type":"ListItem","position":3,"name":"\u3010DYE EMPEROR\u3011HAIR DYEING CREAM"}]},{"@type":"WebSite","@id":"https:\/\/zelinbio.com\/#website","url":"https:\/\/zelinbio.com\/","name":"China Hair Color Manufacturer | Hair Products Wholesale","description":"China Hair Color Manufacturer | Hair Products Wholesale","publisher":{"@id":"https:\/\/zelinbio.com\/#organization"},"alternateName":"Hair Products Wholesale","potentialAction":[{"@type":"SearchAction","target":{"@type":"EntryPoint","urlTemplate":"https:\/\/zelinbio.com\/?s={search_term_string}"},"query-input":{"@type":"PropertyValueSpecification","valueRequired":true,"valueName":"search_term_string"}}],"inLanguage":"fr-FR"},{"@type":"Organization","@id":"https:\/\/zelinbio.com\/#organization","name":"Vente en gros de produits capillaires | Fabricant professionnel chinois","alternateName":"ZeLin Bio","url":"https:\/\/zelinbio.com\/","logo":{"@type":"ImageObject","inLanguage":"fr-FR","@id":"https:\/\/zelinbio.com\/#\/schema\/logo\/image\/","url":"https:\/\/zelinbio.com\/wp-content\/uploads\/2024\/08\/cropped-\u7eaflogo.png","contentUrl":"https:\/\/zelinbio.com\/wp-content\/uploads\/2024\/08\/cropped-\u7eaflogo.png","width":512,"height":512,"caption":"Hair Products Wholesale | China Professional Manufacturer"},"image":{"@id":"https:\/\/zelinbio.com\/#\/schema\/logo\/image\/"},"sameAs":["https:\/\/www.facebook.com\/profile.php?id=61560709493579"]}]}},"_links":{"self":[{"href":"https:\/\/zelinbio.com\/fr\/wp-json\/wp\/v2\/product\/2718","targetHints":{"allow":["GET"]}}],"collection":[{"href":"https:\/\/zelinbio.com\/fr\/wp-json\/wp\/v2\/product"}],"about":[{"href":"https:\/\/zelinbio.com\/fr\/wp-json\/wp\/v2\/types\/product"}],"replies":[{"embeddable":true,"href":"https:\/\/zelinbio.com\/fr\/wp-json\/wp\/v2\/comments?post=2718"}],"wp:featuredmedia":[{"embeddable":true,"href":"https:\/\/zelinbio.com\/fr\/wp-json\/wp\/v2\/media\/4713"}],"wp:attachment":[{"href":"https:\/\/zelinbio.com\/fr\/wp-json\/wp\/v2\/media?parent=2718"}],"wp:term":[{"taxonomy":"product_brand","embeddable":true,"href":"https:\/\/zelinbio.com\/fr\/wp-json\/wp\/v2\/product_brand?post=2718"},{"taxonomy":"product_cat","embeddable":true,"href":"https:\/\/zelinbio.com\/fr\/wp-json\/wp\/v2\/product_cat?post=2718"},{"taxonomy":"product_tag","embeddable":true,"href":"https:\/\/zelinbio.com\/fr\/wp-json\/wp\/v2\/product_tag?post=2718"}],"curies":[{"name":"wp","href":"https:\/\/api.w.org\/{rel}","templated":true}]}}