{"id":2368,"date":"2024-08-16T02:52:54","date_gmt":"2024-08-16T02:52:54","guid":{"rendered":"https:\/\/zelinbio.com\/?post_type=product&#038;p=2368"},"modified":"2025-03-27T09:09:26","modified_gmt":"2025-03-27T09:09:26","slug":"hair-dye-single-dose","status":"publish","type":"product","link":"https:\/\/zelinbio.com\/vi\/product\/hair-dye-single-dose\/","title":{"rendered":"LI\u1ec0U DUY NH\u1ea4T"},"content":{"rendered":"<p class=\"translation-block\">Lo\u1ea1i: Thu\u1ed1c nhu\u1ed9m t\u00f3c<br>\nD\u1ea1ng: Kem g\u1ed9i \u0111\u1ea7u<br>\nTh\u1ec3 t\u00edch: 207ml<br>\nS\u1ed1 l\u01b0\u1ee3ng: 100 h\u1ed9p\/th\u00f9ng<br>\nK\u00edch th\u01b0\u1edbc th\u00f9ng: 424*344*398(mm)<br>\nCh\u1ee9ng nh\u1eadn: ISO SGS GMPC\u00a0 Ph\u00e2n t\u00edch FDA<br>\nCh\u1ee9c n\u0103ng: Nhu\u1ed9m t\u00f3c \u0111en trong 5 ph\u00fat<br>\n\u0110\u1ed9 tu\u1ed5i: Ng\u01b0\u1eddi l\u1edbn<br>\nM\u00e0u s\u1eafc: \u0110en, C\u00e0 ph\u00ea<br>\n\u0110\u1eb7c \u0111i\u1ec3m: KH\u00d4NG PPD, AMMONIA, DIOXYGEN<\/p>","protected":false},"excerpt":{"rendered":"<div style=\"width: 1920px;\" class=\"wp-video\"><!--[if lt IE 9]><script>document.createElement('video');<\/script><![endif]--><br \/>\n<video class=\"wp-video-shortcode\" id=\"video-2368-1\" width=\"1920\" height=\"1080\" preload=\"metadata\" controls=\"controls\"><source type=\"video\/mp4\" src=\"https:\/\/zelinbio.com\/wp-content\/uploads\/2024\/08\/\u5355\u5242207ml.mp4?_=1\" \/><a href=\"https:\/\/zelinbio.com\/wp-content\/uploads\/2024\/08\/\u5355\u5242207ml.mp4\">https:\/\/zelinbio.com\/wp-content\/uploads\/2024\/08\/\u5355\u5242207ml.mp4<\/a><\/video><\/div>\n<table width=\"698\">\n<tbody>\n<tr>\n<td colspan=\"2\" width=\"698\">Product features<\/td>\n<\/tr>\n<tr>\n<td width=\"349\">\n<h2>DYE EMPEROR Hair Color<\/h2>\n<\/td>\n<td width=\"349\">\n<h2>Single Does Hair Dye<\/h2>\n<\/td>\n<\/tr>\n<tr>\n<td width=\"349\">The products are sold well in the domestic market and Southeast Asia, the Middle East, Europe and the United States, Japan and South Korea and other regions.<\/td>\n<td width=\"349\">This single-dose hair dye makes coloring easy and mess-free. Each packet contains just the right amount of dye, with no ammonia, PDD, or dioxygen to damage your hair. Gentle on your scalp, it delivers vibrant color that lasts.<\/td>\n<\/tr>\n<tr>\n<td width=\"349\">\n<h2>Gentle Formula<\/h2>\n<\/td>\n<td width=\"349\">\n<h2>Low cost<\/h2>\n<\/td>\n<\/tr>\n<tr>\n<td width=\"349\">No-Ammonia<br \/>\nNourishing Formula<\/td>\n<td width=\"349\">You can do it by yourself at home, Which is cheaper than dye your hair in salon.<\/td>\n<\/tr>\n<tr>\n<td width=\"349\">\n<h2>Easy to Cover Gray<\/h2>\n<\/td>\n<td width=\"349\">\n<h2>Do Not Dye the Skin<\/h2>\n<\/td>\n<\/tr>\n<tr>\n<td width=\"349\">Reveal vibrant, youthful color that blends perfectly with your natural hair.<\/td>\n<td width=\"349\">Vibrant, lasting color stops exactly where you want it &#8211; on your hair<\/td>\n<\/tr>\n<tr>\n<td width=\"349\">\n<h2>Long lasting<\/h2>\n<\/td>\n<td width=\"349\">\n<h2>Certificates<\/h2>\n<\/td>\n<\/tr>\n<tr>\n<td width=\"349\">Color Lasting for more than 5 weeks.<\/td>\n<td width=\"349\">GMPC, ISO, FDA, MSDS, COA<\/td>\n<\/tr>\n<\/tbody>\n<\/table>\n<p><img fetchpriority=\"high\" decoding=\"async\" class=\"alignnone wp-image-2674 size-full\" src=\"https:\/\/zelinbio.com\/wp-content\/uploads\/2024\/08\/\u8be6\u60c5\u56fe1-1.jpg\" alt=\"\" width=\"900\" height=\"1444\" \/><\/p>\n<table width=\"698\">\n<tbody>\n<tr>\n<td colspan=\"2\" width=\"698\">Key attributes<\/td>\n<\/tr>\n<tr>\n<td colspan=\"2\">Industry-specific attributes<\/td>\n<\/tr>\n<tr>\n<td width=\"349\">form\uff1a<\/td>\n<td width=\"349\">Cream<\/td>\n<\/tr>\n<tr>\n<td width=\"349\">type\uff1a<\/td>\n<td width=\"349\">Semi-Permanent<\/td>\n<\/tr>\n<tr>\n<td width=\"349\">Hair Type\uff1a<\/td>\n<td width=\"349\">All hair types<\/td>\n<\/tr>\n<\/tbody>\n<\/table>\n<table width=\"698\">\n<tbody>\n<tr>\n<td colspan=\"2\" width=\"698\">Other attributes<\/td>\n<\/tr>\n<tr>\n<td width=\"349\">brand name\uff1a<\/td>\n<td width=\"349\">DYE EMPEROR<\/td>\n<\/tr>\n<tr>\n<td width=\"349\">place of origin\uff1a<\/td>\n<td width=\"349\">Guangdong, China<\/td>\n<\/tr>\n<tr>\n<td width=\"349\">Material\uff1a<\/td>\n<td width=\"349\">Herbal, ammonia free, Natural ingredients<\/td>\n<\/tr>\n<tr>\n<td width=\"349\">Age Group\uff1a<\/td>\n<td width=\"349\">Adults(men and women)<\/td>\n<\/tr>\n<tr>\n<td width=\"349\">characters\uff1a<\/td>\n<td width=\"349\">covers gray hair, cover white hair, long-lasting color, Ammonia-Free<\/td>\n<\/tr>\n<tr>\n<td width=\"349\">Grade\uff1a<\/td>\n<td width=\"349\">Cosmetic Grade<\/td>\n<\/tr>\n<tr>\n<td width=\"349\">Item name\uff1a<\/td>\n<td width=\"349\">professional hair dye black hair color shampoo<\/td>\n<\/tr>\n<tr>\n<td width=\"349\">Color\uff1a<\/td>\n<td width=\"349\">Black\u3001Coffee<\/td>\n<\/tr>\n<tr>\n<td width=\"349\">Function\uff1a<\/td>\n<td width=\"349\">dye hair,black hair<\/td>\n<\/tr>\n<tr>\n<td width=\"349\">Certificates\uff1a<\/td>\n<td width=\"349\">All GMPC standard certificates ,Halal certificate<\/td>\n<\/tr>\n<tr>\n<td width=\"349\">Payment Terms\uff1a<\/td>\n<td width=\"349\">T\/T,paypal<\/td>\n<\/tr>\n<tr>\n<td width=\"349\">Delivery Time\uff1a<\/td>\n<td width=\"349\">Depend on quantity<\/td>\n<\/tr>\n<\/tbody>\n<\/table>\n<table width=\"698\">\n<tbody>\n<tr>\n<td colspan=\"2\" width=\"698\">Packaging and delivery<\/td>\n<\/tr>\n<tr>\n<td width=\"349\">Selling Units:<\/td>\n<td width=\"349\">Single box<\/td>\n<\/tr>\n<tr>\n<td width=\"349\">Single box size:<\/td>\n<td width=\"349\">6.5*4*19 CM<\/td>\n<\/tr>\n<tr>\n<td width=\"349\">Single box weight:<\/td>\n<td width=\"349\">0.220 KG<\/td>\n<\/tr>\n<tr>\n<td width=\"349\">Boxes pre Carton:<\/td>\n<td width=\"349\">100<\/td>\n<\/tr>\n<tr>\n<td width=\"349\">Single Carton size:<\/td>\n<td width=\"349\">42.4*34.4*39.8 CM<\/td>\n<\/tr>\n<tr>\n<td width=\"349\">Single Carton weight:<\/td>\n<td width=\"349\">25 KG<\/td>\n<\/tr>\n<\/tbody>\n<\/table>\n<p><img decoding=\"async\" class=\"alignnone wp-image-2675 size-full\" src=\"https:\/\/zelinbio.com\/wp-content\/uploads\/2024\/08\/\u8be6\u60c5\u56fe2-1-e1743066411193.jpg\" alt=\"\" width=\"1125\" height=\"1124\" srcset=\"https:\/\/zelinbio.com\/wp-content\/uploads\/2024\/08\/\u8be6\u60c5\u56fe2-1-e1743066411193.jpg 1125w, https:\/\/zelinbio.com\/wp-content\/uploads\/2024\/08\/\u8be6\u60c5\u56fe2-1-e1743066411193-300x300.jpg 300w, https:\/\/zelinbio.com\/wp-content\/uploads\/2024\/08\/\u8be6\u60c5\u56fe2-1-e1743066411193-1024x1024.jpg 1024w, https:\/\/zelinbio.com\/wp-content\/uploads\/2024\/08\/\u8be6\u60c5\u56fe2-1-e1743066411193-150x150.jpg 150w, https:\/\/zelinbio.com\/wp-content\/uploads\/2024\/08\/\u8be6\u60c5\u56fe2-1-e1743066411193-768x767.jpg 768w, https:\/\/zelinbio.com\/wp-content\/uploads\/2024\/08\/\u8be6\u60c5\u56fe2-1-e1743066411193-600x599.jpg 600w, https:\/\/zelinbio.com\/wp-content\/uploads\/2024\/08\/\u8be6\u60c5\u56fe2-1-e1743066411193-100x100.jpg 100w, https:\/\/zelinbio.com\/wp-content\/uploads\/2024\/08\/\u8be6\u60c5\u56fe2-1-e1743066411193-12x12.jpg 12w\" sizes=\"(max-width: 1125px) 100vw, 1125px\" \/><br \/>\n<img decoding=\"async\" class=\"alignnone wp-image-2676 size-full\" src=\"https:\/\/zelinbio.com\/wp-content\/uploads\/2024\/08\/\u8be6\u60c5\u56fe3-1.jpg\" alt=\"\" width=\"900\" height=\"2203\" \/><br \/>\n<img loading=\"lazy\" decoding=\"async\" class=\"alignnone wp-image-2677 size-full\" src=\"https:\/\/zelinbio.com\/wp-content\/uploads\/2024\/08\/\u8be6\u60c5\u56fe4-1.jpg\" alt=\"\" width=\"900\" height=\"1995\" \/><br \/>\n<img loading=\"lazy\" decoding=\"async\" class=\"alignnone wp-image-2678 size-full\" src=\"https:\/\/zelinbio.com\/wp-content\/uploads\/2024\/08\/\u8be6\u60c5\u56fe5-1.jpg\" alt=\"\" width=\"900\" height=\"2088\" \/><br \/>\n<img loading=\"lazy\" decoding=\"async\" class=\"alignnone wp-image-2679 size-full\" src=\"https:\/\/zelinbio.com\/wp-content\/uploads\/2024\/08\/\u8be6\u60c5\u56fe6-1.jpg\" alt=\"\" width=\"900\" height=\"1595\" \/><br \/>\n<img loading=\"lazy\" decoding=\"async\" class=\"alignnone wp-image-2680 size-full\" src=\"https:\/\/zelinbio.com\/wp-content\/uploads\/2024\/08\/\u8be6\u60c5\u56fe7-1.jpg\" alt=\"\" width=\"900\" height=\"1560\" \/><br \/>\n<img loading=\"lazy\" decoding=\"async\" class=\"alignnone wp-image-2681 size-full\" src=\"https:\/\/zelinbio.com\/wp-content\/uploads\/2024\/08\/\u8be6\u60c5\u56fe8.jpg\" alt=\"\" width=\"900\" height=\"2230\" \/><\/p>\n<table width=\"349\">\n<tbody>\n<tr>\n<td style=\"text-align: left;\" width=\"349\">FAQ<\/td>\n<\/tr>\n<tr>\n<td style=\"text-align: left;\" width=\"349\">1.Can I get some samples?<\/td>\n<\/tr>\n<tr>\n<td style=\"text-align: left;\" width=\"349\">A: Yes, we are happy to provide you with free samples.<\/td>\n<\/tr>\n<tr>\n<td style=\"text-align: left;\" width=\"349\">2.Are you a factory?Where is your factory located?How can I visit there?<\/td>\n<\/tr>\n<tr>\n<td style=\"text-align: left;\" width=\"349\">A: Our factory is located in Baiyun District, Guangzhou City. You are welcome to visit us.<\/td>\n<\/tr>\n<tr>\n<td style=\"text-align: left;\" width=\"349\">3.What is the delivery time?<\/td>\n<\/tr>\n<tr>\n<td style=\"text-align: left;\" width=\"349\">A: The delivery time of our brand &#8211; 1~3 days; the delivery time of private brand &#8211; 20~25 days.<\/td>\n<\/tr>\n<tr>\n<td style=\"text-align: left;\" width=\"349\">4.What is your MOQ?<\/td>\n<\/tr>\n<tr>\n<td style=\"text-align: left;\" width=\"349\">A: There is no MOQ for all in-stock items; 10,000 pieces for your private label.<\/td>\n<\/tr>\n<tr>\n<td style=\"text-align: left;\" width=\"349\">5.What services can we provide?<\/td>\n<\/tr>\n<tr>\n<td style=\"text-align: left;\" width=\"349\">Accepted delivery terms: EXW, express;<\/td>\n<\/tr>\n<tr>\n<td style=\"text-align: left;\" width=\"349\">Accepted payment currencies: USD, Euro, RMB;<\/td>\n<\/tr>\n<tr>\n<td style=\"text-align: left;\" width=\"349\">Accepted payment types: T\/T, PayPal, Western Union;<\/td>\n<\/tr>\n<tr>\n<td style=\"text-align: left;\" width=\"349\">Languages \u200b\u200bused: English, Chinese<\/td>\n<\/tr>\n<\/tbody>\n<\/table>\n<p><img loading=\"lazy\" decoding=\"async\" class=\"alignnone wp-image-3506 size-full\" src=\"https:\/\/zelinbio.com\/wp-content\/uploads\/2024\/08\/\u5fae\u4fe1\u56fe\u7247_20240930084914.png\" alt=\"\" width=\"900\" height=\"1199\" \/><\/p>","protected":false},"featured_media":2369,"comment_status":"closed","ping_status":"closed","template":"","meta":{"site-sidebar-layout":"default","site-content-layout":"","ast-site-content-layout":"default","site-content-style":"default","site-sidebar-style":"default","ast-global-header-display":"","ast-banner-title-visibility":"","ast-main-header-display":"","ast-hfb-above-header-display":"","ast-hfb-below-header-display":"","ast-hfb-mobile-header-display":"","site-post-title":"","ast-breadcrumbs-content":"","ast-featured-img":"","footer-sml-layout":"","theme-transparent-header-meta":"default","adv-header-id-meta":"","stick-header-meta":"","header-above-stick-meta":"","header-main-stick-meta":"","header-below-stick-meta":"","astra-migrate-meta-layouts":"set","ast-page-background-enabled":"default","ast-page-background-meta":{"desktop":{"background-color":"","background-image":"","background-repeat":"repeat","background-position":"center center","background-size":"auto","background-attachment":"scroll","background-type":"","background-media":"","overlay-type":"","overlay-color":"","overlay-opacity":"","overlay-gradient":""},"tablet":{"background-color":"","background-image":"","background-repeat":"repeat","background-position":"center center","background-size":"auto","background-attachment":"scroll","background-type":"","background-media":"","overlay-type":"","overlay-color":"","overlay-opacity":"","overlay-gradient":""},"mobile":{"background-color":"","background-image":"","background-repeat":"repeat","background-position":"center center","background-size":"auto","background-attachment":"scroll","background-type":"","background-media":"","overlay-type":"","overlay-color":"","overlay-opacity":"","overlay-gradient":""}},"ast-content-background-meta":{"desktop":{"background-color":"var(--ast-global-color-5)","background-image":"","background-repeat":"repeat","background-position":"center center","background-size":"auto","background-attachment":"scroll","background-type":"","background-media":"","overlay-type":"","overlay-color":"","overlay-opacity":"","overlay-gradient":""},"tablet":{"background-color":"var(--ast-global-color-5)","background-image":"","background-repeat":"repeat","background-position":"center center","background-size":"auto","background-attachment":"scroll","background-type":"","background-media":"","overlay-type":"","overlay-color":"","overlay-opacity":"","overlay-gradient":""},"mobile":{"background-color":"var(--ast-global-color-5)","background-image":"","background-repeat":"repeat","background-position":"center center","background-size":"auto","background-attachment":"scroll","background-type":"","background-media":"","overlay-type":"","overlay-color":"","overlay-opacity":"","overlay-gradient":""}}},"product_brand":[],"product_cat":[34,36,37],"product_tag":[],"class_list":{"0":"post-2368","1":"product","2":"type-product","3":"status-publish","4":"has-post-thumbnail","6":"product_cat-products","7":"product_cat-black-hair-series","8":"product_cat-color-hair-series","9":"desktop-align-left","10":"tablet-align-left","11":"mobile-align-left","13":"first","14":"instock","15":"shipping-taxable","16":"product-type-simple"},"yoast_head":"<!-- This site is optimized with the Yoast SEO Premium plugin v23.4 (Yoast SEO v26.7) - https:\/\/yoast.com\/wordpress\/plugins\/seo\/ -->\n<title>SINGLE DOSE 207ML - China Hair Color Manufacturer | Hair Products Wholesale<\/title>\n<meta name=\"description\" content=\"Revolutionary hair dye without PPD or ammonia. Delivers vibrant color while protecting hair&#039;s health. Safe, gentle, and stunning - transforming your look without compromising your hair&#039;s natural beauty.\" \/>\n<meta name=\"robots\" content=\"index, follow, max-snippet:-1, max-image-preview:large, max-video-preview:-1\" \/>\n<link rel=\"canonical\" href=\"https:\/\/zelinbio.com\/vi\/product\/hair-dye-single-dose\/\" \/>\n<meta property=\"og:locale\" content=\"vi_VN\" \/>\n<meta property=\"og:type\" content=\"article\" \/>\n<meta property=\"og:title\" content=\"SINGLE DOSE 207ML\" \/>\n<meta property=\"og:description\" content=\"Revolutionary hair dye without PPD or ammonia. Delivers vibrant color while protecting hair&#039;s health. Safe, gentle, and stunning - transforming your look without compromising your hair&#039;s natural beauty.\" \/>\n<meta property=\"og:url\" content=\"https:\/\/zelinbio.com\/vi\/product\/hair-dye-single-dose\/\" \/>\n<meta property=\"og:site_name\" content=\"China Hair Color Manufacturer | Hair Products Wholesale\" \/>\n<meta property=\"article:publisher\" content=\"https:\/\/www.facebook.com\/profile.php?id=61560709493579\" \/>\n<meta property=\"article:modified_time\" content=\"2025-03-27T09:09:26+00:00\" \/>\n<meta property=\"og:image\" content=\"https:\/\/zelinbio.com\/wp-content\/uploads\/2024\/08\/\u4e3b\u56fe-1-1.jpg\" \/>\n\t<meta property=\"og:image:width\" content=\"800\" \/>\n\t<meta property=\"og:image:height\" content=\"800\" \/>\n\t<meta property=\"og:image:type\" content=\"image\/jpeg\" \/>\n<meta name=\"twitter:card\" content=\"summary_large_image\" \/>\n<meta name=\"twitter:label1\" content=\"\u01af\u1edbc t\u00ednh th\u1eddi gian \u0111\u1ecdc\" \/>\n\t<meta name=\"twitter:data1\" content=\"1 ph\u00fat\" \/>\n<script type=\"application\/ld+json\" class=\"yoast-schema-graph\">{\"@context\":\"https:\/\/schema.org\",\"@graph\":[{\"@type\":\"WebPage\",\"@id\":\"https:\/\/zelinbio.com\/product\/hair-dye-single-dose\/\",\"url\":\"https:\/\/zelinbio.com\/product\/hair-dye-single-dose\/\",\"name\":\"SINGLE DOSE 207ML - China Hair Color Manufacturer | Hair Products Wholesale\",\"isPartOf\":{\"@id\":\"https:\/\/zelinbio.com\/#website\"},\"primaryImageOfPage\":{\"@id\":\"https:\/\/zelinbio.com\/product\/hair-dye-single-dose\/#primaryimage\"},\"image\":{\"@id\":\"https:\/\/zelinbio.com\/product\/hair-dye-single-dose\/#primaryimage\"},\"thumbnailUrl\":\"https:\/\/zelinbio.com\/wp-content\/uploads\/2024\/08\/\u4e3b\u56fe-1-1.jpg\",\"datePublished\":\"2024-08-16T02:52:54+00:00\",\"dateModified\":\"2025-03-27T09:09:26+00:00\",\"description\":\"Revolutionary hair dye without PPD or ammonia. Delivers vibrant color while protecting hair's health. Safe, gentle, and stunning - transforming your look without compromising your hair's natural beauty.\",\"breadcrumb\":{\"@id\":\"https:\/\/zelinbio.com\/product\/hair-dye-single-dose\/#breadcrumb\"},\"inLanguage\":\"vi\",\"potentialAction\":[{\"@type\":\"ReadAction\",\"target\":[\"https:\/\/zelinbio.com\/product\/hair-dye-single-dose\/\"]}]},{\"@type\":\"ImageObject\",\"inLanguage\":\"vi\",\"@id\":\"https:\/\/zelinbio.com\/product\/hair-dye-single-dose\/#primaryimage\",\"url\":\"https:\/\/zelinbio.com\/wp-content\/uploads\/2024\/08\/\u4e3b\u56fe-1-1.jpg\",\"contentUrl\":\"https:\/\/zelinbio.com\/wp-content\/uploads\/2024\/08\/\u4e3b\u56fe-1-1.jpg\",\"width\":800,\"height\":800,\"caption\":\"single dose hair dye\"},{\"@type\":\"BreadcrumbList\",\"@id\":\"https:\/\/zelinbio.com\/product\/hair-dye-single-dose\/#breadcrumb\",\"itemListElement\":[{\"@type\":\"ListItem\",\"position\":1,\"name\":\"Home\",\"item\":\"https:\/\/zelinbio.com\/\"},{\"@type\":\"ListItem\",\"position\":2,\"name\":\"Products\",\"item\":\"https:\/\/zelinbio.com\/products\/\"},{\"@type\":\"ListItem\",\"position\":3,\"name\":\"SINGLE DOSE 207ML\"}]},{\"@type\":\"WebSite\",\"@id\":\"https:\/\/zelinbio.com\/#website\",\"url\":\"https:\/\/zelinbio.com\/\",\"name\":\"China Hair Color Manufacturer | Hair Products Wholesale\",\"description\":\"China Hair Color Manufacturer | Hair Products Wholesale\",\"publisher\":{\"@id\":\"https:\/\/zelinbio.com\/#organization\"},\"alternateName\":\"Hair Products Wholesale\",\"potentialAction\":[{\"@type\":\"SearchAction\",\"target\":{\"@type\":\"EntryPoint\",\"urlTemplate\":\"https:\/\/zelinbio.com\/?s={search_term_string}\"},\"query-input\":{\"@type\":\"PropertyValueSpecification\",\"valueRequired\":true,\"valueName\":\"search_term_string\"}}],\"inLanguage\":\"vi\"},{\"@type\":\"Organization\",\"@id\":\"https:\/\/zelinbio.com\/#organization\",\"name\":\"Hair Products Wholesale | China Professional Manufacturer\",\"alternateName\":\"ZeLin Bio\",\"url\":\"https:\/\/zelinbio.com\/\",\"logo\":{\"@type\":\"ImageObject\",\"inLanguage\":\"vi\",\"@id\":\"https:\/\/zelinbio.com\/#\/schema\/logo\/image\/\",\"url\":\"https:\/\/zelinbio.com\/wp-content\/uploads\/2024\/08\/cropped-\u7eaflogo.png\",\"contentUrl\":\"https:\/\/zelinbio.com\/wp-content\/uploads\/2024\/08\/cropped-\u7eaflogo.png\",\"width\":512,\"height\":512,\"caption\":\"Hair Products Wholesale | China Professional Manufacturer\"},\"image\":{\"@id\":\"https:\/\/zelinbio.com\/#\/schema\/logo\/image\/\"},\"sameAs\":[\"https:\/\/www.facebook.com\/profile.php?id=61560709493579\"]}]}<\/script>\n<!-- \/ Yoast SEO Premium plugin. -->","yoast_head_json":{"title":"SINGLE DOSE 207ML - China Hair Color Manufacturer | Hair Products Wholesale","description":"Revolutionary hair dye without PPD or ammonia. Delivers vibrant color while protecting hair's health. Safe, gentle, and stunning - transforming your look without compromising your hair's natural beauty.","robots":{"index":"index","follow":"follow","max-snippet":"max-snippet:-1","max-image-preview":"max-image-preview:large","max-video-preview":"max-video-preview:-1"},"canonical":"https:\/\/zelinbio.com\/vi\/product\/hair-dye-single-dose\/","og_locale":"vi_VN","og_type":"article","og_title":"SINGLE DOSE 207ML","og_description":"Revolutionary hair dye without PPD or ammonia. Delivers vibrant color while protecting hair's health. Safe, gentle, and stunning - transforming your look without compromising your hair's natural beauty.","og_url":"https:\/\/zelinbio.com\/vi\/product\/hair-dye-single-dose\/","og_site_name":"China Hair Color Manufacturer | Hair Products Wholesale","article_publisher":"https:\/\/www.facebook.com\/profile.php?id=61560709493579","article_modified_time":"2025-03-27T09:09:26+00:00","og_image":[{"width":800,"height":800,"url":"https:\/\/zelinbio.com\/wp-content\/uploads\/2024\/08\/\u4e3b\u56fe-1-1.jpg","type":"image\/jpeg"}],"twitter_card":"summary_large_image","twitter_misc":{"\u01af\u1edbc t\u00ednh th\u1eddi gian \u0111\u1ecdc":"1 ph\u00fat"},"schema":{"@context":"https:\/\/schema.org","@graph":[{"@type":"WebPage","@id":"https:\/\/zelinbio.com\/product\/hair-dye-single-dose\/","url":"https:\/\/zelinbio.com\/product\/hair-dye-single-dose\/","name":"SINGLE DOSE 207ML - China Hair Color Manufacturer | Hair Products Wholesale","isPartOf":{"@id":"https:\/\/zelinbio.com\/#website"},"primaryImageOfPage":{"@id":"https:\/\/zelinbio.com\/product\/hair-dye-single-dose\/#primaryimage"},"image":{"@id":"https:\/\/zelinbio.com\/product\/hair-dye-single-dose\/#primaryimage"},"thumbnailUrl":"https:\/\/zelinbio.com\/wp-content\/uploads\/2024\/08\/\u4e3b\u56fe-1-1.jpg","datePublished":"2024-08-16T02:52:54+00:00","dateModified":"2025-03-27T09:09:26+00:00","description":"Revolutionary hair dye without PPD or ammonia. Delivers vibrant color while protecting hair's health. Safe, gentle, and stunning - transforming your look without compromising your hair's natural beauty.","breadcrumb":{"@id":"https:\/\/zelinbio.com\/product\/hair-dye-single-dose\/#breadcrumb"},"inLanguage":"vi","potentialAction":[{"@type":"ReadAction","target":["https:\/\/zelinbio.com\/product\/hair-dye-single-dose\/"]}]},{"@type":"ImageObject","inLanguage":"vi","@id":"https:\/\/zelinbio.com\/product\/hair-dye-single-dose\/#primaryimage","url":"https:\/\/zelinbio.com\/wp-content\/uploads\/2024\/08\/\u4e3b\u56fe-1-1.jpg","contentUrl":"https:\/\/zelinbio.com\/wp-content\/uploads\/2024\/08\/\u4e3b\u56fe-1-1.jpg","width":800,"height":800,"caption":"single dose hair dye"},{"@type":"BreadcrumbList","@id":"https:\/\/zelinbio.com\/product\/hair-dye-single-dose\/#breadcrumb","itemListElement":[{"@type":"ListItem","position":1,"name":"Home","item":"https:\/\/zelinbio.com\/"},{"@type":"ListItem","position":2,"name":"Products","item":"https:\/\/zelinbio.com\/products\/"},{"@type":"ListItem","position":3,"name":"SINGLE DOSE 207ML"}]},{"@type":"WebSite","@id":"https:\/\/zelinbio.com\/#website","url":"https:\/\/zelinbio.com\/","name":"China Hair Color Manufacturer | Hair Products Wholesale","description":"China Hair Color Manufacturer | Hair Products Wholesale","publisher":{"@id":"https:\/\/zelinbio.com\/#organization"},"alternateName":"Hair Products Wholesale","potentialAction":[{"@type":"SearchAction","target":{"@type":"EntryPoint","urlTemplate":"https:\/\/zelinbio.com\/?s={search_term_string}"},"query-input":{"@type":"PropertyValueSpecification","valueRequired":true,"valueName":"search_term_string"}}],"inLanguage":"vi"},{"@type":"Organization","@id":"https:\/\/zelinbio.com\/#organization","name":"B\u00e1n bu\u00f4n s\u1ea3n ph\u1ea9m ch\u0103m s\u00f3c t\u00f3c | Nh\u00e0 s\u1ea3n xu\u1ea5t chuy\u00ean nghi\u1ec7p Trung Qu\u1ed1c","alternateName":"ZeLin Bio","url":"https:\/\/zelinbio.com\/","logo":{"@type":"ImageObject","inLanguage":"vi","@id":"https:\/\/zelinbio.com\/#\/schema\/logo\/image\/","url":"https:\/\/zelinbio.com\/wp-content\/uploads\/2024\/08\/cropped-\u7eaflogo.png","contentUrl":"https:\/\/zelinbio.com\/wp-content\/uploads\/2024\/08\/cropped-\u7eaflogo.png","width":512,"height":512,"caption":"Hair Products Wholesale | China Professional Manufacturer"},"image":{"@id":"https:\/\/zelinbio.com\/#\/schema\/logo\/image\/"},"sameAs":["https:\/\/www.facebook.com\/profile.php?id=61560709493579"]}]}},"_links":{"self":[{"href":"https:\/\/zelinbio.com\/vi\/wp-json\/wp\/v2\/product\/2368","targetHints":{"allow":["GET"]}}],"collection":[{"href":"https:\/\/zelinbio.com\/vi\/wp-json\/wp\/v2\/product"}],"about":[{"href":"https:\/\/zelinbio.com\/vi\/wp-json\/wp\/v2\/types\/product"}],"replies":[{"embeddable":true,"href":"https:\/\/zelinbio.com\/vi\/wp-json\/wp\/v2\/comments?post=2368"}],"wp:featuredmedia":[{"embeddable":true,"href":"https:\/\/zelinbio.com\/vi\/wp-json\/wp\/v2\/media\/2369"}],"wp:attachment":[{"href":"https:\/\/zelinbio.com\/vi\/wp-json\/wp\/v2\/media?parent=2368"}],"wp:term":[{"taxonomy":"product_brand","embeddable":true,"href":"https:\/\/zelinbio.com\/vi\/wp-json\/wp\/v2\/product_brand?post=2368"},{"taxonomy":"product_cat","embeddable":true,"href":"https:\/\/zelinbio.com\/vi\/wp-json\/wp\/v2\/product_cat?post=2368"},{"taxonomy":"product_tag","embeddable":true,"href":"https:\/\/zelinbio.com\/vi\/wp-json\/wp\/v2\/product_tag?post=2368"}],"curies":[{"name":"wp","href":"https:\/\/api.w.org\/{rel}","templated":true}]}}