{"id":2719,"date":"2024-08-24T08:43:21","date_gmt":"2024-08-24T08:43:21","guid":{"rendered":"https:\/\/zelinbio.com\/?post_type=product&#038;p=2719"},"modified":"2025-08-07T06:48:57","modified_gmt":"2025-08-07T06:48:57","slug":"fruit-vinegar-black-oil","status":"publish","type":"product","link":"https:\/\/zelinbio.com\/vi\/product\/fruit-vinegar-black-oil\/","title":{"rendered":"\u3010DYE EMPEROR\u3011GI\u1ea4M TR\u00c1I C\u00c2Y"},"content":{"rendered":"<p class=\"translation-block\">Lo\u1ea1i: Thu\u1ed1c nhu\u1ed9m t\u00f3c<br>\nTh\u01b0\u01a1ng hi\u1ec7u: DYE EMPEROR<br>\nD\u1ea1ng: Gel g\u1ed9i \u0111\u1ea7u<br>\nTh\u1ec3 t\u00edch: 30ml*10 vi\u00ean\/h\u1ed9p<br>\nS\u1ed1 l\u01b0\u1ee3ng: 50 h\u1ed9p\/th\u00f9ng<br>\nK\u00edch th\u01b0\u1edbc th\u00f9ng: 430*380*342(mm)<br>\nCh\u1ee9ng nh\u1eadn: ISO SGS GMPC FDA Analysis<br>\nCh\u1ee9c n\u0103ng: Nhu\u1ed9m t\u00f3c \u0111en trong 5 ph\u00fat<br>\n\u0110\u1ed9 tu\u1ed5i: Ng\u01b0\u1eddi l\u1edbn<br>\nM\u00e0u s\u1eafc: \u0110en<br>\n\u0110\u1eb7c \u0111i\u1ec3m: Hi\u1ec7u \u1ee9ng nhu\u1ed9m h\u1ea5p d\u1eabn l\u00e2u d\u00e0i<\/p>","protected":false},"excerpt":{"rendered":"<div style=\"width: 1920px;\" class=\"wp-video\"><!--[if lt IE 9]><script>document.createElement('video');<\/script><![endif]--><br \/>\n<video class=\"wp-video-shortcode\" id=\"video-2719-1\" width=\"1920\" height=\"1080\" preload=\"metadata\" controls=\"controls\"><source type=\"video\/mp4\" src=\"https:\/\/zelinbio.com\/wp-content\/uploads\/2024\/08\/\u9ed1\u6cb9\u888b\u5305.mp4?_=1\" \/><a href=\"https:\/\/zelinbio.com\/wp-content\/uploads\/2024\/08\/\u9ed1\u6cb9\u888b\u5305.mp4\">https:\/\/zelinbio.com\/wp-content\/uploads\/2024\/08\/\u9ed1\u6cb9\u888b\u5305.mp4<\/a><\/video><\/div>\n<table width=\"698\">\n<tbody>\n<tr>\n<td colspan=\"2\" width=\"698\">Product features<\/td>\n<\/tr>\n<tr>\n<td width=\"349\">\n<h2>DYEEMPEROR Hair Color<\/h2>\n<\/td>\n<td width=\"349\">\n<h2>Fruit Vinegar Hair Dye<\/h2>\n<\/td>\n<\/tr>\n<tr>\n<td width=\"349\">The products are sold well in the domestic market and Southeast Asia, the Middle East, Europe and the United States, Japan and South Korea and other regions.<\/td>\n<td width=\"349\">Vibrant, long-lasting color with fruit extracts and vinegar. Gentle, nourishing formula for glossy, healthy-looking hair. Easy application for salon-quality results at home.<\/td>\n<\/tr>\n<tr>\n<td width=\"349\">\n<h2>Gentle Formula<\/h2>\n<\/td>\n<td width=\"349\">\n<h2>Low cost<\/h2>\n<\/td>\n<\/tr>\n<tr>\n<td width=\"349\">No-Ammonia<br \/>\nNourishing Formula<\/td>\n<td width=\"349\">You can do it by yourself at home, Which is cheaper than dye your hair in salon.<\/td>\n<\/tr>\n<tr>\n<td width=\"349\">\n<h2>Easy to Cover Gray<\/h2>\n<\/td>\n<td width=\"349\">\n<h2>Do Not Dye the Skin<\/h2>\n<\/td>\n<\/tr>\n<tr>\n<td width=\"349\">Reveal vibrant, youthful color that blends perfectly with your natural hair.<\/td>\n<td width=\"349\">Vibrant, lasting color stops exactly where you want it &#8211; on your hair<\/td>\n<\/tr>\n<tr>\n<td width=\"349\">\n<h2>Long lasting<\/h2>\n<\/td>\n<td width=\"349\">\n<h2>Certificates<\/h2>\n<\/td>\n<\/tr>\n<tr>\n<td width=\"349\">Color Lasting for more than 5 weeks.<\/td>\n<td width=\"349\">GMPC, ISO, FDA, MSDS, COA\uff0c<\/td>\n<\/tr>\n<\/tbody>\n<\/table>\n<p>&nbsp;<\/p>\n<table width=\"698\">\n<tbody>\n<tr>\n<td colspan=\"2\" width=\"698\">Key attributes<\/td>\n<\/tr>\n<tr>\n<td colspan=\"2\">Industry-specific attributes<\/td>\n<\/tr>\n<tr>\n<td width=\"349\">form<\/td>\n<td width=\"349\">GEL<\/td>\n<\/tr>\n<tr>\n<td width=\"349\">type<\/td>\n<td width=\"349\">Semi-Permanent<\/td>\n<\/tr>\n<tr>\n<td width=\"349\">Hair Type<\/td>\n<td width=\"349\">All hair types<\/td>\n<\/tr>\n<\/tbody>\n<\/table>\n<table width=\"698\">\n<tbody>\n<tr>\n<td colspan=\"2\" width=\"698\">Other attributes<\/td>\n<\/tr>\n<tr>\n<td width=\"349\">brand name<\/td>\n<td width=\"349\">DYE EMPEROR<\/td>\n<\/tr>\n<tr>\n<td width=\"349\">place of origin<\/td>\n<td width=\"349\">Guangdong, China<\/td>\n<\/tr>\n<tr>\n<td width=\"349\">Material<\/td>\n<td width=\"349\">Herbal, ammonia free, Natural ingredients<\/td>\n<\/tr>\n<tr>\n<td width=\"349\">Age Group<\/td>\n<td width=\"349\">Adults(men and women)<\/td>\n<\/tr>\n<tr>\n<td width=\"349\">characters<\/td>\n<td width=\"349\">cover gray hair, long-lasting color, Ammonia-Free<\/td>\n<\/tr>\n<tr>\n<td width=\"349\">Item name<\/td>\n<td width=\"349\">professional hair dye black hair color shampoo<\/td>\n<\/tr>\n<tr>\n<td width=\"349\">Color<\/td>\n<td width=\"349\">Black\u3001Brown black\u3001Dark brown<\/td>\n<\/tr>\n<tr>\n<td width=\"349\">Function<\/td>\n<td width=\"349\">change hair color<\/td>\n<\/tr>\n<tr>\n<td width=\"349\">Certificates<\/td>\n<td width=\"349\">All GMPC standard certificates<\/td>\n<\/tr>\n<tr>\n<td width=\"349\">Payment Terms<\/td>\n<td width=\"349\">T\/T<\/td>\n<\/tr>\n<tr>\n<td width=\"349\">Delivery Time<\/td>\n<td width=\"349\">Depend on quantity<\/td>\n<\/tr>\n<\/tbody>\n<\/table>\n<table width=\"698\">\n<tbody>\n<tr>\n<td colspan=\"2\" width=\"698\">Packaging and delivery<\/td>\n<\/tr>\n<tr>\n<td width=\"349\">Selling Units:<\/td>\n<td width=\"349\">Single box<\/td>\n<\/tr>\n<tr>\n<td width=\"349\">Single box size:<\/td>\n<td width=\"349\">43*38*34.2 cm<\/td>\n<\/tr>\n<tr>\n<td width=\"349\">Single box weight:<\/td>\n<td width=\"349\">0.330 kg<\/td>\n<\/tr>\n<tr>\n<td width=\"349\">Boxes pre Carton:<\/td>\n<td width=\"349\">50<\/td>\n<\/tr>\n<tr>\n<td width=\"349\">Single Carton size:<\/td>\n<td width=\"349\">43*38*34.2 cm<\/td>\n<\/tr>\n<tr>\n<td width=\"349\">Single Carton weight:<\/td>\n<td width=\"349\">17.500 kg<\/td>\n<\/tr>\n<\/tbody>\n<\/table>\n<p><img fetchpriority=\"high\" decoding=\"async\" class=\"alignnone wp-image-4707\" src=\"https:\/\/zelinbio.com\/wp-content\/uploads\/2024\/08\/1-9.jpg\" alt=\"\" width=\"800\" height=\"1123\" \/> <img decoding=\"async\" class=\"alignnone wp-image-4708\" src=\"https:\/\/zelinbio.com\/wp-content\/uploads\/2024\/08\/2-10.jpg\" alt=\"\" width=\"800\" height=\"2439\" \/> <img decoding=\"async\" class=\"alignnone wp-image-4709\" src=\"https:\/\/zelinbio.com\/wp-content\/uploads\/2024\/08\/3-12-scaled.jpg\" alt=\"\" width=\"800\" height=\"3075\" srcset=\"https:\/\/zelinbio.com\/wp-content\/uploads\/2024\/08\/3-12-scaled.jpg 666w, https:\/\/zelinbio.com\/wp-content\/uploads\/2024\/08\/3-12-78x300.jpg 78w, https:\/\/zelinbio.com\/wp-content\/uploads\/2024\/08\/3-12-768x2951.jpg 768w, https:\/\/zelinbio.com\/wp-content\/uploads\/2024\/08\/3-12-533x2048.jpg 533w, https:\/\/zelinbio.com\/wp-content\/uploads\/2024\/08\/3-12-3x12.jpg 3w, https:\/\/zelinbio.com\/wp-content\/uploads\/2024\/08\/3-12-600x2306.jpg 600w\" sizes=\"(max-width: 800px) 100vw, 800px\" \/> <img loading=\"lazy\" decoding=\"async\" class=\"alignnone size-full wp-image-4710\" src=\"https:\/\/zelinbio.com\/wp-content\/uploads\/2024\/08\/4-9.jpg\" alt=\"\" width=\"800\" height=\"2065\" \/> <img loading=\"lazy\" decoding=\"async\" class=\"alignnone size-full wp-image-4711\" src=\"https:\/\/zelinbio.com\/wp-content\/uploads\/2024\/08\/5-8.jpg\" alt=\"\" width=\"800\" height=\"1928\" \/> <img loading=\"lazy\" decoding=\"async\" class=\"alignnone size-full wp-image-4712\" src=\"https:\/\/zelinbio.com\/wp-content\/uploads\/2024\/08\/6-7.jpg\" alt=\"\" width=\"800\" height=\"1536\" \/><\/p>\n<p>&nbsp;<\/p>\n<table width=\"349\">\n<tbody>\n<tr>\n<td style=\"text-align: left;\" width=\"349\">FAQ<\/td>\n<\/tr>\n<tr>\n<td style=\"text-align: left;\" width=\"349\">1.Can I get some samples?<\/td>\n<\/tr>\n<tr>\n<td style=\"text-align: left;\" width=\"349\">A: Yes, we are happy to provide you with free samples.<\/td>\n<\/tr>\n<tr>\n<td style=\"text-align: left;\" width=\"349\">2.Are you a factory?Where is your factory located?How can I visit there?<\/td>\n<\/tr>\n<tr>\n<td style=\"text-align: left;\" width=\"349\">A: Our factory is located in Baiyun District, Guangzhou City. You are welcome to visit us.<\/td>\n<\/tr>\n<tr>\n<td style=\"text-align: left;\" width=\"349\">3.What is the delivery time?<\/td>\n<\/tr>\n<tr>\n<td style=\"text-align: left;\" width=\"349\">A: The delivery time of our brand &#8211; 1~3 days; the delivery time of private brand &#8211; 20~25 days.<\/td>\n<\/tr>\n<tr>\n<td style=\"text-align: left;\" width=\"349\">4.What is your MOQ?<\/td>\n<\/tr>\n<tr>\n<td style=\"text-align: left;\" width=\"349\">A: There is no MOQ for all in-stock items;<br \/>\n10,000 pieces for your private label.<\/td>\n<\/tr>\n<tr>\n<td style=\"text-align: left;\" width=\"349\">5.What services can we provide?<\/td>\n<\/tr>\n<tr>\n<td style=\"text-align: left;\" width=\"349\">Accepted delivery terms: EXW, express;<\/td>\n<\/tr>\n<tr>\n<td style=\"text-align: left;\" width=\"349\">Accepted payment currencies: USD, Euro, RMB;<\/td>\n<\/tr>\n<tr>\n<td style=\"text-align: left;\" width=\"349\">Accepted payment types: T\/T, PayPal, Western Union;<\/td>\n<\/tr>\n<tr>\n<td style=\"text-align: left;\" width=\"349\">Languages \u200b\u200bused: English, Chinese<\/td>\n<\/tr>\n<\/tbody>\n<\/table>\n<p><img loading=\"lazy\" decoding=\"async\" class=\"alignnone wp-image-3506 size-full\" src=\"https:\/\/zelinbio.com\/wp-content\/uploads\/2024\/08\/\u5fae\u4fe1\u56fe\u7247_20240930084914.png\" alt=\"\" width=\"900\" height=\"1199\" \/><\/p>","protected":false},"featured_media":4705,"comment_status":"closed","ping_status":"closed","template":"","meta":{"site-sidebar-layout":"default","site-content-layout":"","ast-site-content-layout":"default","site-content-style":"default","site-sidebar-style":"default","ast-global-header-display":"","ast-banner-title-visibility":"","ast-main-header-display":"","ast-hfb-above-header-display":"","ast-hfb-below-header-display":"","ast-hfb-mobile-header-display":"","site-post-title":"","ast-breadcrumbs-content":"","ast-featured-img":"","footer-sml-layout":"","theme-transparent-header-meta":"default","adv-header-id-meta":"","stick-header-meta":"","header-above-stick-meta":"","header-main-stick-meta":"","header-below-stick-meta":"","astra-migrate-meta-layouts":"set","ast-page-background-enabled":"default","ast-page-background-meta":{"desktop":{"background-color":"","background-image":"","background-repeat":"repeat","background-position":"center center","background-size":"auto","background-attachment":"scroll","background-type":"","background-media":"","overlay-type":"","overlay-color":"","overlay-opacity":"","overlay-gradient":""},"tablet":{"background-color":"","background-image":"","background-repeat":"repeat","background-position":"center center","background-size":"auto","background-attachment":"scroll","background-type":"","background-media":"","overlay-type":"","overlay-color":"","overlay-opacity":"","overlay-gradient":""},"mobile":{"background-color":"","background-image":"","background-repeat":"repeat","background-position":"center center","background-size":"auto","background-attachment":"scroll","background-type":"","background-media":"","overlay-type":"","overlay-color":"","overlay-opacity":"","overlay-gradient":""}},"ast-content-background-meta":{"desktop":{"background-color":"var(--ast-global-color-5)","background-image":"","background-repeat":"repeat","background-position":"center center","background-size":"auto","background-attachment":"scroll","background-type":"","background-media":"","overlay-type":"","overlay-color":"","overlay-opacity":"","overlay-gradient":""},"tablet":{"background-color":"var(--ast-global-color-5)","background-image":"","background-repeat":"repeat","background-position":"center center","background-size":"auto","background-attachment":"scroll","background-type":"","background-media":"","overlay-type":"","overlay-color":"","overlay-opacity":"","overlay-gradient":""},"mobile":{"background-color":"var(--ast-global-color-5)","background-image":"","background-repeat":"repeat","background-position":"center center","background-size":"auto","background-attachment":"scroll","background-type":"","background-media":"","overlay-type":"","overlay-color":"","overlay-opacity":"","overlay-gradient":""}}},"product_brand":[],"product_cat":[34,36],"product_tag":[],"class_list":{"0":"post-2719","1":"product","2":"type-product","3":"status-publish","4":"has-post-thumbnail","6":"product_cat-products","7":"product_cat-black-hair-series","8":"desktop-align-left","9":"tablet-align-left","10":"mobile-align-left","12":"first","13":"instock","14":"shipping-taxable","15":"product-type-simple"},"yoast_head":"<!-- This site is optimized with the Yoast SEO Premium plugin v23.4 (Yoast SEO v26.7) - https:\/\/yoast.com\/wordpress\/plugins\/seo\/ -->\n<title>\u3010DYE EMPEROR\u3011FRUIT VINEGAR - China Hair Color Manufacturer | Hair Products Wholesale<\/title>\n<meta name=\"description\" content=\"Fruit vinegar black oil hair dye is a hair dye product that combines fruit vinegar ingredients with black oil hair dyeing technology. It is mild and non-irritating, has natural color, is quickly colored, and does not stain the skin.\" \/>\n<meta name=\"robots\" content=\"index, follow, max-snippet:-1, max-image-preview:large, max-video-preview:-1\" \/>\n<link rel=\"canonical\" href=\"https:\/\/zelinbio.com\/vi\/product\/fruit-vinegar-black-oil\/\" \/>\n<meta property=\"og:locale\" content=\"vi_VN\" \/>\n<meta property=\"og:type\" content=\"article\" \/>\n<meta property=\"og:title\" content=\"\u3010DYE EMPEROR\u3011FRUIT VINEGAR\" \/>\n<meta property=\"og:description\" content=\"Fruit vinegar black oil hair dye is a hair dye product that combines fruit vinegar ingredients with black oil hair dyeing technology. It is mild and non-irritating, has natural color, is quickly colored, and does not stain the skin.\" \/>\n<meta property=\"og:url\" content=\"https:\/\/zelinbio.com\/vi\/product\/fruit-vinegar-black-oil\/\" \/>\n<meta property=\"og:site_name\" content=\"China Hair Color Manufacturer | Hair Products Wholesale\" \/>\n<meta property=\"article:publisher\" content=\"https:\/\/www.facebook.com\/profile.php?id=61560709493579\" \/>\n<meta property=\"article:modified_time\" content=\"2025-08-07T06:48:57+00:00\" \/>\n<meta property=\"og:image\" content=\"https:\/\/zelinbio.com\/wp-content\/uploads\/2024\/08\/\u76d2\u5b502-2.jpg\" \/>\n\t<meta property=\"og:image:width\" content=\"800\" \/>\n\t<meta property=\"og:image:height\" content=\"800\" \/>\n\t<meta property=\"og:image:type\" content=\"image\/jpeg\" \/>\n<meta name=\"twitter:card\" content=\"summary_large_image\" \/>\n<meta name=\"twitter:label1\" content=\"\u01af\u1edbc t\u00ednh th\u1eddi gian \u0111\u1ecdc\" \/>\n\t<meta name=\"twitter:data1\" content=\"1 ph\u00fat\" \/>\n<script type=\"application\/ld+json\" class=\"yoast-schema-graph\">{\"@context\":\"https:\/\/schema.org\",\"@graph\":[{\"@type\":\"WebPage\",\"@id\":\"https:\/\/zelinbio.com\/product\/fruit-vinegar-black-oil\/\",\"url\":\"https:\/\/zelinbio.com\/product\/fruit-vinegar-black-oil\/\",\"name\":\"\u3010DYE EMPEROR\u3011FRUIT VINEGAR - China Hair Color Manufacturer | Hair Products Wholesale\",\"isPartOf\":{\"@id\":\"https:\/\/zelinbio.com\/#website\"},\"primaryImageOfPage\":{\"@id\":\"https:\/\/zelinbio.com\/product\/fruit-vinegar-black-oil\/#primaryimage\"},\"image\":{\"@id\":\"https:\/\/zelinbio.com\/product\/fruit-vinegar-black-oil\/#primaryimage\"},\"thumbnailUrl\":\"https:\/\/zelinbio.com\/wp-content\/uploads\/2024\/08\/\u76d2\u5b502-2.jpg\",\"datePublished\":\"2024-08-24T08:43:21+00:00\",\"dateModified\":\"2025-08-07T06:48:57+00:00\",\"description\":\"Fruit vinegar black oil hair dye is a hair dye product that combines fruit vinegar ingredients with black oil hair dyeing technology. It is mild and non-irritating, has natural color, is quickly colored, and does not stain the skin.\",\"breadcrumb\":{\"@id\":\"https:\/\/zelinbio.com\/product\/fruit-vinegar-black-oil\/#breadcrumb\"},\"inLanguage\":\"vi\",\"potentialAction\":[{\"@type\":\"ReadAction\",\"target\":[\"https:\/\/zelinbio.com\/product\/fruit-vinegar-black-oil\/\"]}]},{\"@type\":\"ImageObject\",\"inLanguage\":\"vi\",\"@id\":\"https:\/\/zelinbio.com\/product\/fruit-vinegar-black-oil\/#primaryimage\",\"url\":\"https:\/\/zelinbio.com\/wp-content\/uploads\/2024\/08\/\u76d2\u5b502-2.jpg\",\"contentUrl\":\"https:\/\/zelinbio.com\/wp-content\/uploads\/2024\/08\/\u76d2\u5b502-2.jpg\",\"width\":800,\"height\":800},{\"@type\":\"BreadcrumbList\",\"@id\":\"https:\/\/zelinbio.com\/product\/fruit-vinegar-black-oil\/#breadcrumb\",\"itemListElement\":[{\"@type\":\"ListItem\",\"position\":1,\"name\":\"Home\",\"item\":\"https:\/\/zelinbio.com\/\"},{\"@type\":\"ListItem\",\"position\":2,\"name\":\"Products\",\"item\":\"https:\/\/zelinbio.com\/products\/\"},{\"@type\":\"ListItem\",\"position\":3,\"name\":\"\u3010DYE EMPEROR\u3011FRUIT VINEGAR\"}]},{\"@type\":\"WebSite\",\"@id\":\"https:\/\/zelinbio.com\/#website\",\"url\":\"https:\/\/zelinbio.com\/\",\"name\":\"China Hair Color Manufacturer | Hair Products Wholesale\",\"description\":\"China Hair Color Manufacturer | Hair Products Wholesale\",\"publisher\":{\"@id\":\"https:\/\/zelinbio.com\/#organization\"},\"alternateName\":\"Hair Products Wholesale\",\"potentialAction\":[{\"@type\":\"SearchAction\",\"target\":{\"@type\":\"EntryPoint\",\"urlTemplate\":\"https:\/\/zelinbio.com\/?s={search_term_string}\"},\"query-input\":{\"@type\":\"PropertyValueSpecification\",\"valueRequired\":true,\"valueName\":\"search_term_string\"}}],\"inLanguage\":\"vi\"},{\"@type\":\"Organization\",\"@id\":\"https:\/\/zelinbio.com\/#organization\",\"name\":\"Hair Products Wholesale | China Professional Manufacturer\",\"alternateName\":\"ZeLin Bio\",\"url\":\"https:\/\/zelinbio.com\/\",\"logo\":{\"@type\":\"ImageObject\",\"inLanguage\":\"vi\",\"@id\":\"https:\/\/zelinbio.com\/#\/schema\/logo\/image\/\",\"url\":\"https:\/\/zelinbio.com\/wp-content\/uploads\/2024\/08\/cropped-\u7eaflogo.png\",\"contentUrl\":\"https:\/\/zelinbio.com\/wp-content\/uploads\/2024\/08\/cropped-\u7eaflogo.png\",\"width\":512,\"height\":512,\"caption\":\"Hair Products Wholesale | China Professional Manufacturer\"},\"image\":{\"@id\":\"https:\/\/zelinbio.com\/#\/schema\/logo\/image\/\"},\"sameAs\":[\"https:\/\/www.facebook.com\/profile.php?id=61560709493579\"]}]}<\/script>\n<!-- \/ Yoast SEO Premium plugin. -->","yoast_head_json":{"title":"\u3010DYE EMPEROR\u3011FRUIT VINEGAR - China Hair Color Manufacturer | Hair Products Wholesale","description":"Fruit vinegar black oil hair dye is a hair dye product that combines fruit vinegar ingredients with black oil hair dyeing technology. It is mild and non-irritating, has natural color, is quickly colored, and does not stain the skin.","robots":{"index":"index","follow":"follow","max-snippet":"max-snippet:-1","max-image-preview":"max-image-preview:large","max-video-preview":"max-video-preview:-1"},"canonical":"https:\/\/zelinbio.com\/vi\/product\/fruit-vinegar-black-oil\/","og_locale":"vi_VN","og_type":"article","og_title":"\u3010DYE EMPEROR\u3011FRUIT VINEGAR","og_description":"Fruit vinegar black oil hair dye is a hair dye product that combines fruit vinegar ingredients with black oil hair dyeing technology. It is mild and non-irritating, has natural color, is quickly colored, and does not stain the skin.","og_url":"https:\/\/zelinbio.com\/vi\/product\/fruit-vinegar-black-oil\/","og_site_name":"China Hair Color Manufacturer | Hair Products Wholesale","article_publisher":"https:\/\/www.facebook.com\/profile.php?id=61560709493579","article_modified_time":"2025-08-07T06:48:57+00:00","og_image":[{"width":800,"height":800,"url":"https:\/\/zelinbio.com\/wp-content\/uploads\/2024\/08\/\u76d2\u5b502-2.jpg","type":"image\/jpeg"}],"twitter_card":"summary_large_image","twitter_misc":{"\u01af\u1edbc t\u00ednh th\u1eddi gian \u0111\u1ecdc":"1 ph\u00fat"},"schema":{"@context":"https:\/\/schema.org","@graph":[{"@type":"WebPage","@id":"https:\/\/zelinbio.com\/product\/fruit-vinegar-black-oil\/","url":"https:\/\/zelinbio.com\/product\/fruit-vinegar-black-oil\/","name":"\u3010DYE EMPEROR\u3011FRUIT VINEGAR - China Hair Color Manufacturer | Hair Products Wholesale","isPartOf":{"@id":"https:\/\/zelinbio.com\/#website"},"primaryImageOfPage":{"@id":"https:\/\/zelinbio.com\/product\/fruit-vinegar-black-oil\/#primaryimage"},"image":{"@id":"https:\/\/zelinbio.com\/product\/fruit-vinegar-black-oil\/#primaryimage"},"thumbnailUrl":"https:\/\/zelinbio.com\/wp-content\/uploads\/2024\/08\/\u76d2\u5b502-2.jpg","datePublished":"2024-08-24T08:43:21+00:00","dateModified":"2025-08-07T06:48:57+00:00","description":"Fruit vinegar black oil hair dye is a hair dye product that combines fruit vinegar ingredients with black oil hair dyeing technology. It is mild and non-irritating, has natural color, is quickly colored, and does not stain the skin.","breadcrumb":{"@id":"https:\/\/zelinbio.com\/product\/fruit-vinegar-black-oil\/#breadcrumb"},"inLanguage":"vi","potentialAction":[{"@type":"ReadAction","target":["https:\/\/zelinbio.com\/product\/fruit-vinegar-black-oil\/"]}]},{"@type":"ImageObject","inLanguage":"vi","@id":"https:\/\/zelinbio.com\/product\/fruit-vinegar-black-oil\/#primaryimage","url":"https:\/\/zelinbio.com\/wp-content\/uploads\/2024\/08\/\u76d2\u5b502-2.jpg","contentUrl":"https:\/\/zelinbio.com\/wp-content\/uploads\/2024\/08\/\u76d2\u5b502-2.jpg","width":800,"height":800},{"@type":"BreadcrumbList","@id":"https:\/\/zelinbio.com\/product\/fruit-vinegar-black-oil\/#breadcrumb","itemListElement":[{"@type":"ListItem","position":1,"name":"Home","item":"https:\/\/zelinbio.com\/"},{"@type":"ListItem","position":2,"name":"Products","item":"https:\/\/zelinbio.com\/products\/"},{"@type":"ListItem","position":3,"name":"\u3010DYE EMPEROR\u3011FRUIT VINEGAR"}]},{"@type":"WebSite","@id":"https:\/\/zelinbio.com\/#website","url":"https:\/\/zelinbio.com\/","name":"China Hair Color Manufacturer | Hair Products Wholesale","description":"China Hair Color Manufacturer | Hair Products Wholesale","publisher":{"@id":"https:\/\/zelinbio.com\/#organization"},"alternateName":"Hair Products Wholesale","potentialAction":[{"@type":"SearchAction","target":{"@type":"EntryPoint","urlTemplate":"https:\/\/zelinbio.com\/?s={search_term_string}"},"query-input":{"@type":"PropertyValueSpecification","valueRequired":true,"valueName":"search_term_string"}}],"inLanguage":"vi"},{"@type":"Organization","@id":"https:\/\/zelinbio.com\/#organization","name":"B\u00e1n bu\u00f4n s\u1ea3n ph\u1ea9m ch\u0103m s\u00f3c t\u00f3c | Nh\u00e0 s\u1ea3n xu\u1ea5t chuy\u00ean nghi\u1ec7p Trung Qu\u1ed1c","alternateName":"ZeLin Bio","url":"https:\/\/zelinbio.com\/","logo":{"@type":"ImageObject","inLanguage":"vi","@id":"https:\/\/zelinbio.com\/#\/schema\/logo\/image\/","url":"https:\/\/zelinbio.com\/wp-content\/uploads\/2024\/08\/cropped-\u7eaflogo.png","contentUrl":"https:\/\/zelinbio.com\/wp-content\/uploads\/2024\/08\/cropped-\u7eaflogo.png","width":512,"height":512,"caption":"Hair Products Wholesale | China Professional Manufacturer"},"image":{"@id":"https:\/\/zelinbio.com\/#\/schema\/logo\/image\/"},"sameAs":["https:\/\/www.facebook.com\/profile.php?id=61560709493579"]}]}},"_links":{"self":[{"href":"https:\/\/zelinbio.com\/vi\/wp-json\/wp\/v2\/product\/2719","targetHints":{"allow":["GET"]}}],"collection":[{"href":"https:\/\/zelinbio.com\/vi\/wp-json\/wp\/v2\/product"}],"about":[{"href":"https:\/\/zelinbio.com\/vi\/wp-json\/wp\/v2\/types\/product"}],"replies":[{"embeddable":true,"href":"https:\/\/zelinbio.com\/vi\/wp-json\/wp\/v2\/comments?post=2719"}],"wp:featuredmedia":[{"embeddable":true,"href":"https:\/\/zelinbio.com\/vi\/wp-json\/wp\/v2\/media\/4705"}],"wp:attachment":[{"href":"https:\/\/zelinbio.com\/vi\/wp-json\/wp\/v2\/media?parent=2719"}],"wp:term":[{"taxonomy":"product_brand","embeddable":true,"href":"https:\/\/zelinbio.com\/vi\/wp-json\/wp\/v2\/product_brand?post=2719"},{"taxonomy":"product_cat","embeddable":true,"href":"https:\/\/zelinbio.com\/vi\/wp-json\/wp\/v2\/product_cat?post=2719"},{"taxonomy":"product_tag","embeddable":true,"href":"https:\/\/zelinbio.com\/vi\/wp-json\/wp\/v2\/product_tag?post=2719"}],"curies":[{"name":"wp","href":"https:\/\/api.w.org\/{rel}","templated":true}]}}