{"id":2756,"date":"2024-08-26T02:39:38","date_gmt":"2024-08-26T02:39:38","guid":{"rendered":"https:\/\/zelinbio.com\/?post_type=product&#038;p=2756"},"modified":"2025-03-20T04:08:49","modified_gmt":"2025-03-20T04:08:49","slug":"nut-hair-dye","status":"publish","type":"product","link":"https:\/\/zelinbio.com\/vi\/product\/nut-hair-dye\/","title":{"rendered":"NHU\u1ed8M T\u00d3C H\u1ea0T"},"content":{"rendered":"<p class=\"translation-block\">Lo\u1ea1i: Thu\u1ed1c nhu\u1ed9m t\u00f3c<br>\nD\u1ea1ng: Kem g\u1ed9i \u0111\u1ea7u<br>\nTh\u1ec3 t\u00edch: 200ml*2<br>\nS\u1ed1 l\u01b0\u1ee3ng: 36 h\u1ed9p\/th\u00f9ng<br>\nK\u00edch th\u01b0\u1edbc th\u00f9ng: 502*300*350(mm)<br>\nCh\u1ee9ng nh\u1eadn: ISO SGS GMPC\u00a0 Ph\u00e2n t\u00edch FDA<br>\nCh\u1ee9c n\u0103ng: Nhu\u1ed9m t\u00f3c \u0111en trong 5 ph\u00fat<br>\n\u0110\u1ed9 tu\u1ed5i: Ng\u01b0\u1eddi l\u1edbn<br>\nM\u00e0u s\u1eafc: \u0110en\u3001N\u00e2u h\u1ea1t d\u1ebb\u3001C\u00e0 ph\u00ea\u3001N\u00e2u\u0110en\u3001N\u00e2u v\u1ea3i lanh\u3001T\u00edm nho\u3001\u0110\u1ecf t\u00eda\u3001Xanh lam x\u1ec9n\u3001Xanh \u0111en\u3001N\u00e2u s\u1eabm\u3001S\u00f4 c\u00f4 la<br>\n\u0110\u1eb7c \u0111i\u1ec3m: Chi\u1ebft xu\u1ea5t t\u1eeb \u200b\u200bh\u1ea1t, Thu\u1ed1c nhu\u1ed9m t\u00f3c nhanh 3 trong 1<\/p>","protected":false},"excerpt":{"rendered":"<p><img fetchpriority=\"high\" decoding=\"async\" class=\"alignnone wp-image-2760 size-full\" src=\"https:\/\/zelinbio.com\/wp-content\/uploads\/2024\/08\/photobank-18.jpg\" alt=\"\" width=\"900\" height=\"1169\" \/><br \/>\n<img decoding=\"async\" class=\"alignnone wp-image-2761 size-full\" src=\"https:\/\/zelinbio.com\/wp-content\/uploads\/2024\/08\/photobank-19.jpg\" alt=\"\" width=\"900\" height=\"1209\" \/><br \/>\n<img decoding=\"async\" class=\"alignnone wp-image-2762 size-full\" src=\"https:\/\/zelinbio.com\/wp-content\/uploads\/2024\/08\/photobank-21.jpg\" alt=\"\" width=\"900\" height=\"1042\" \/><br \/>\n<img loading=\"lazy\" decoding=\"async\" class=\"alignnone wp-image-2763 size-full\" src=\"https:\/\/zelinbio.com\/wp-content\/uploads\/2024\/08\/photobank-22.jpg\" alt=\"\" width=\"900\" height=\"819\" \/><br \/>\n<img loading=\"lazy\" decoding=\"async\" class=\"alignnone wp-image-2764 size-full\" src=\"https:\/\/zelinbio.com\/wp-content\/uploads\/2024\/08\/photobank-23.jpg\" alt=\"\" width=\"900\" height=\"622\" \/><br \/>\n<img loading=\"lazy\" decoding=\"async\" class=\"alignnone wp-image-2765 size-full\" src=\"https:\/\/zelinbio.com\/wp-content\/uploads\/2024\/08\/photobank-24.jpg\" alt=\"\" width=\"900\" height=\"852\" \/><br \/>\n<img loading=\"lazy\" decoding=\"async\" class=\"alignnone wp-image-2766 size-full\" src=\"https:\/\/zelinbio.com\/wp-content\/uploads\/2024\/08\/photobank-25.jpg\" alt=\"\" width=\"900\" height=\"852\" \/><br \/>\n<img loading=\"lazy\" decoding=\"async\" class=\"alignnone wp-image-3506 size-full\" src=\"https:\/\/zelinbio.com\/wp-content\/uploads\/2024\/08\/\u5fae\u4fe1\u56fe\u7247_20240930084914.png\" alt=\"\" width=\"900\" height=\"1199\" \/><\/p>","protected":false},"featured_media":2757,"comment_status":"closed","ping_status":"closed","template":"","meta":{"site-sidebar-layout":"default","site-content-layout":"","ast-site-content-layout":"default","site-content-style":"default","site-sidebar-style":"default","ast-global-header-display":"","ast-banner-title-visibility":"","ast-main-header-display":"","ast-hfb-above-header-display":"","ast-hfb-below-header-display":"","ast-hfb-mobile-header-display":"disabled","site-post-title":"","ast-breadcrumbs-content":"","ast-featured-img":"","footer-sml-layout":"","theme-transparent-header-meta":"default","adv-header-id-meta":"","stick-header-meta":"","header-above-stick-meta":"","header-main-stick-meta":"","header-below-stick-meta":"","astra-migrate-meta-layouts":"set","ast-page-background-enabled":"default","ast-page-background-meta":{"desktop":{"background-color":"","background-image":"","background-repeat":"repeat","background-position":"center center","background-size":"auto","background-attachment":"scroll","background-type":"","background-media":"","overlay-type":"","overlay-color":"","overlay-opacity":"","overlay-gradient":""},"tablet":{"background-color":"","background-image":"","background-repeat":"repeat","background-position":"center center","background-size":"auto","background-attachment":"scroll","background-type":"","background-media":"","overlay-type":"","overlay-color":"","overlay-opacity":"","overlay-gradient":""},"mobile":{"background-color":"","background-image":"","background-repeat":"repeat","background-position":"center center","background-size":"auto","background-attachment":"scroll","background-type":"","background-media":"","overlay-type":"","overlay-color":"","overlay-opacity":"","overlay-gradient":""}},"ast-content-background-meta":{"desktop":{"background-color":"var(--ast-global-color-5)","background-image":"","background-repeat":"repeat","background-position":"center center","background-size":"auto","background-attachment":"scroll","background-type":"","background-media":"","overlay-type":"","overlay-color":"","overlay-opacity":"","overlay-gradient":""},"tablet":{"background-color":"var(--ast-global-color-5)","background-image":"","background-repeat":"repeat","background-position":"center center","background-size":"auto","background-attachment":"scroll","background-type":"","background-media":"","overlay-type":"","overlay-color":"","overlay-opacity":"","overlay-gradient":""},"mobile":{"background-color":"var(--ast-global-color-5)","background-image":"","background-repeat":"repeat","background-position":"center center","background-size":"auto","background-attachment":"scroll","background-type":"","background-media":"","overlay-type":"","overlay-color":"","overlay-opacity":"","overlay-gradient":""}}},"product_brand":[],"product_cat":[34,36],"product_tag":[],"class_list":{"0":"post-2756","1":"product","2":"type-product","3":"status-publish","4":"has-post-thumbnail","6":"product_cat-products","7":"product_cat-black-hair-series","8":"desktop-align-left","9":"tablet-align-left","10":"mobile-align-left","12":"first","13":"instock","14":"shipping-taxable","15":"product-type-simple"},"yoast_head":"<!-- This site is optimized with the Yoast SEO Premium plugin v23.4 (Yoast SEO v26.7) - https:\/\/yoast.com\/wordpress\/plugins\/seo\/ -->\n<title>NUT HAIR DYE - China Hair Color Manufacturer | Hair Products Wholesale<\/title>\n<meta name=\"robots\" content=\"index, follow, max-snippet:-1, max-image-preview:large, max-video-preview:-1\" \/>\n<link rel=\"canonical\" href=\"https:\/\/zelinbio.com\/vi\/product\/nut-hair-dye\/\" \/>\n<meta property=\"og:locale\" content=\"vi_VN\" \/>\n<meta property=\"og:type\" content=\"article\" \/>\n<meta property=\"og:title\" content=\"NUT HAIR DYE\" \/>\n<meta property=\"og:url\" content=\"https:\/\/zelinbio.com\/vi\/product\/nut-hair-dye\/\" \/>\n<meta property=\"og:site_name\" content=\"China Hair Color Manufacturer | Hair Products Wholesale\" \/>\n<meta property=\"article:publisher\" content=\"https:\/\/www.facebook.com\/profile.php?id=61560709493579\" \/>\n<meta property=\"article:modified_time\" content=\"2025-03-20T04:08:49+00:00\" \/>\n<meta property=\"og:image\" content=\"https:\/\/zelinbio.com\/wp-content\/uploads\/2024\/08\/photobank-15.jpg\" \/>\n\t<meta property=\"og:image:width\" content=\"800\" \/>\n\t<meta property=\"og:image:height\" content=\"800\" \/>\n\t<meta property=\"og:image:type\" content=\"image\/jpeg\" \/>\n<meta name=\"twitter:card\" content=\"summary_large_image\" \/>\n<meta name=\"twitter:label1\" content=\"\u01af\u1edbc t\u00ednh th\u1eddi gian \u0111\u1ecdc\" \/>\n\t<meta name=\"twitter:data1\" content=\"1 ph\u00fat\" \/>\n<script type=\"application\/ld+json\" class=\"yoast-schema-graph\">{\"@context\":\"https:\/\/schema.org\",\"@graph\":[{\"@type\":\"WebPage\",\"@id\":\"https:\/\/zelinbio.com\/product\/nut-hair-dye\/\",\"url\":\"https:\/\/zelinbio.com\/product\/nut-hair-dye\/\",\"name\":\"NUT HAIR DYE - China Hair Color Manufacturer | Hair Products Wholesale\",\"isPartOf\":{\"@id\":\"https:\/\/zelinbio.com\/#website\"},\"primaryImageOfPage\":{\"@id\":\"https:\/\/zelinbio.com\/product\/nut-hair-dye\/#primaryimage\"},\"image\":{\"@id\":\"https:\/\/zelinbio.com\/product\/nut-hair-dye\/#primaryimage\"},\"thumbnailUrl\":\"https:\/\/zelinbio.com\/wp-content\/uploads\/2024\/08\/photobank-15.jpg\",\"datePublished\":\"2024-08-26T02:39:38+00:00\",\"dateModified\":\"2025-03-20T04:08:49+00:00\",\"breadcrumb\":{\"@id\":\"https:\/\/zelinbio.com\/product\/nut-hair-dye\/#breadcrumb\"},\"inLanguage\":\"vi\",\"potentialAction\":[{\"@type\":\"ReadAction\",\"target\":[\"https:\/\/zelinbio.com\/product\/nut-hair-dye\/\"]}]},{\"@type\":\"ImageObject\",\"inLanguage\":\"vi\",\"@id\":\"https:\/\/zelinbio.com\/product\/nut-hair-dye\/#primaryimage\",\"url\":\"https:\/\/zelinbio.com\/wp-content\/uploads\/2024\/08\/photobank-15.jpg\",\"contentUrl\":\"https:\/\/zelinbio.com\/wp-content\/uploads\/2024\/08\/photobank-15.jpg\",\"width\":800,\"height\":800,\"caption\":\"NUT HAIR DYE\"},{\"@type\":\"BreadcrumbList\",\"@id\":\"https:\/\/zelinbio.com\/product\/nut-hair-dye\/#breadcrumb\",\"itemListElement\":[{\"@type\":\"ListItem\",\"position\":1,\"name\":\"Home\",\"item\":\"https:\/\/zelinbio.com\/\"},{\"@type\":\"ListItem\",\"position\":2,\"name\":\"Products\",\"item\":\"https:\/\/zelinbio.com\/products\/\"},{\"@type\":\"ListItem\",\"position\":3,\"name\":\"NUT HAIR DYE\"}]},{\"@type\":\"WebSite\",\"@id\":\"https:\/\/zelinbio.com\/#website\",\"url\":\"https:\/\/zelinbio.com\/\",\"name\":\"China Hair Color Manufacturer | Hair Products Wholesale\",\"description\":\"China Hair Color Manufacturer | Hair Products Wholesale\",\"publisher\":{\"@id\":\"https:\/\/zelinbio.com\/#organization\"},\"alternateName\":\"Hair Products Wholesale\",\"potentialAction\":[{\"@type\":\"SearchAction\",\"target\":{\"@type\":\"EntryPoint\",\"urlTemplate\":\"https:\/\/zelinbio.com\/?s={search_term_string}\"},\"query-input\":{\"@type\":\"PropertyValueSpecification\",\"valueRequired\":true,\"valueName\":\"search_term_string\"}}],\"inLanguage\":\"vi\"},{\"@type\":\"Organization\",\"@id\":\"https:\/\/zelinbio.com\/#organization\",\"name\":\"Hair Products Wholesale | China Professional Manufacturer\",\"alternateName\":\"ZeLin Bio\",\"url\":\"https:\/\/zelinbio.com\/\",\"logo\":{\"@type\":\"ImageObject\",\"inLanguage\":\"vi\",\"@id\":\"https:\/\/zelinbio.com\/#\/schema\/logo\/image\/\",\"url\":\"https:\/\/zelinbio.com\/wp-content\/uploads\/2024\/08\/cropped-\u7eaflogo.png\",\"contentUrl\":\"https:\/\/zelinbio.com\/wp-content\/uploads\/2024\/08\/cropped-\u7eaflogo.png\",\"width\":512,\"height\":512,\"caption\":\"Hair Products Wholesale | China Professional Manufacturer\"},\"image\":{\"@id\":\"https:\/\/zelinbio.com\/#\/schema\/logo\/image\/\"},\"sameAs\":[\"https:\/\/www.facebook.com\/profile.php?id=61560709493579\"]}]}<\/script>\n<!-- \/ Yoast SEO Premium plugin. -->","yoast_head_json":{"title":"NUT HAIR DYE - China Hair Color Manufacturer | Hair Products Wholesale","robots":{"index":"index","follow":"follow","max-snippet":"max-snippet:-1","max-image-preview":"max-image-preview:large","max-video-preview":"max-video-preview:-1"},"canonical":"https:\/\/zelinbio.com\/vi\/product\/nut-hair-dye\/","og_locale":"vi_VN","og_type":"article","og_title":"NUT HAIR DYE","og_url":"https:\/\/zelinbio.com\/vi\/product\/nut-hair-dye\/","og_site_name":"China Hair Color Manufacturer | Hair Products Wholesale","article_publisher":"https:\/\/www.facebook.com\/profile.php?id=61560709493579","article_modified_time":"2025-03-20T04:08:49+00:00","og_image":[{"width":800,"height":800,"url":"https:\/\/zelinbio.com\/wp-content\/uploads\/2024\/08\/photobank-15.jpg","type":"image\/jpeg"}],"twitter_card":"summary_large_image","twitter_misc":{"\u01af\u1edbc t\u00ednh th\u1eddi gian \u0111\u1ecdc":"1 ph\u00fat"},"schema":{"@context":"https:\/\/schema.org","@graph":[{"@type":"WebPage","@id":"https:\/\/zelinbio.com\/product\/nut-hair-dye\/","url":"https:\/\/zelinbio.com\/product\/nut-hair-dye\/","name":"NUT HAIR DYE - China Hair Color Manufacturer | Hair Products Wholesale","isPartOf":{"@id":"https:\/\/zelinbio.com\/#website"},"primaryImageOfPage":{"@id":"https:\/\/zelinbio.com\/product\/nut-hair-dye\/#primaryimage"},"image":{"@id":"https:\/\/zelinbio.com\/product\/nut-hair-dye\/#primaryimage"},"thumbnailUrl":"https:\/\/zelinbio.com\/wp-content\/uploads\/2024\/08\/photobank-15.jpg","datePublished":"2024-08-26T02:39:38+00:00","dateModified":"2025-03-20T04:08:49+00:00","breadcrumb":{"@id":"https:\/\/zelinbio.com\/product\/nut-hair-dye\/#breadcrumb"},"inLanguage":"vi","potentialAction":[{"@type":"ReadAction","target":["https:\/\/zelinbio.com\/product\/nut-hair-dye\/"]}]},{"@type":"ImageObject","inLanguage":"vi","@id":"https:\/\/zelinbio.com\/product\/nut-hair-dye\/#primaryimage","url":"https:\/\/zelinbio.com\/wp-content\/uploads\/2024\/08\/photobank-15.jpg","contentUrl":"https:\/\/zelinbio.com\/wp-content\/uploads\/2024\/08\/photobank-15.jpg","width":800,"height":800,"caption":"NUT HAIR DYE"},{"@type":"BreadcrumbList","@id":"https:\/\/zelinbio.com\/product\/nut-hair-dye\/#breadcrumb","itemListElement":[{"@type":"ListItem","position":1,"name":"Home","item":"https:\/\/zelinbio.com\/"},{"@type":"ListItem","position":2,"name":"Products","item":"https:\/\/zelinbio.com\/products\/"},{"@type":"ListItem","position":3,"name":"NUT HAIR DYE"}]},{"@type":"WebSite","@id":"https:\/\/zelinbio.com\/#website","url":"https:\/\/zelinbio.com\/","name":"China Hair Color Manufacturer | Hair Products Wholesale","description":"China Hair Color Manufacturer | Hair Products Wholesale","publisher":{"@id":"https:\/\/zelinbio.com\/#organization"},"alternateName":"Hair Products Wholesale","potentialAction":[{"@type":"SearchAction","target":{"@type":"EntryPoint","urlTemplate":"https:\/\/zelinbio.com\/?s={search_term_string}"},"query-input":{"@type":"PropertyValueSpecification","valueRequired":true,"valueName":"search_term_string"}}],"inLanguage":"vi"},{"@type":"Organization","@id":"https:\/\/zelinbio.com\/#organization","name":"B\u00e1n bu\u00f4n s\u1ea3n ph\u1ea9m ch\u0103m s\u00f3c t\u00f3c | Nh\u00e0 s\u1ea3n xu\u1ea5t chuy\u00ean nghi\u1ec7p Trung Qu\u1ed1c","alternateName":"ZeLin Bio","url":"https:\/\/zelinbio.com\/","logo":{"@type":"ImageObject","inLanguage":"vi","@id":"https:\/\/zelinbio.com\/#\/schema\/logo\/image\/","url":"https:\/\/zelinbio.com\/wp-content\/uploads\/2024\/08\/cropped-\u7eaflogo.png","contentUrl":"https:\/\/zelinbio.com\/wp-content\/uploads\/2024\/08\/cropped-\u7eaflogo.png","width":512,"height":512,"caption":"Hair Products Wholesale | China Professional Manufacturer"},"image":{"@id":"https:\/\/zelinbio.com\/#\/schema\/logo\/image\/"},"sameAs":["https:\/\/www.facebook.com\/profile.php?id=61560709493579"]}]}},"_links":{"self":[{"href":"https:\/\/zelinbio.com\/vi\/wp-json\/wp\/v2\/product\/2756","targetHints":{"allow":["GET"]}}],"collection":[{"href":"https:\/\/zelinbio.com\/vi\/wp-json\/wp\/v2\/product"}],"about":[{"href":"https:\/\/zelinbio.com\/vi\/wp-json\/wp\/v2\/types\/product"}],"replies":[{"embeddable":true,"href":"https:\/\/zelinbio.com\/vi\/wp-json\/wp\/v2\/comments?post=2756"}],"wp:featuredmedia":[{"embeddable":true,"href":"https:\/\/zelinbio.com\/vi\/wp-json\/wp\/v2\/media\/2757"}],"wp:attachment":[{"href":"https:\/\/zelinbio.com\/vi\/wp-json\/wp\/v2\/media?parent=2756"}],"wp:term":[{"taxonomy":"product_brand","embeddable":true,"href":"https:\/\/zelinbio.com\/vi\/wp-json\/wp\/v2\/product_brand?post=2756"},{"taxonomy":"product_cat","embeddable":true,"href":"https:\/\/zelinbio.com\/vi\/wp-json\/wp\/v2\/product_cat?post=2756"},{"taxonomy":"product_tag","embeddable":true,"href":"https:\/\/zelinbio.com\/vi\/wp-json\/wp\/v2\/product_tag?post=2756"}],"curies":[{"name":"wp","href":"https:\/\/api.w.org\/{rel}","templated":true}]}}