{"id":2784,"date":"2024-08-26T03:52:08","date_gmt":"2024-08-26T03:52:08","guid":{"rendered":"https:\/\/zelinbio.com\/?post_type=product&#038;p=2784"},"modified":"2025-03-20T04:09:13","modified_gmt":"2025-03-20T04:09:13","slug":"black-hair-dye","status":"publish","type":"product","link":"https:\/\/zelinbio.com\/vi\/product\/black-hair-dye\/","title":{"rendered":"\u3010DYE EMPEROR\u3011NHU\u1ed8M T\u00d3C \u0110EN"},"content":{"rendered":"<p class=\"translation-block\">Lo\u1ea1i: Thu\u1ed1c nhu\u1ed9m t\u00f3c<br>\nTh\u01b0\u01a1ng hi\u1ec7u: DYE EMPEROR<br>\nD\u1ea1ng: Kem g\u1ed9i \u0111\u1ea7u<br>\nDung t\u00edch: 100ml<br>\nS\u1ed1 l\u01b0\u1ee3ng: 120 h\u1ed9p\/th\u00f9ng<br>\nK\u00edch th\u01b0\u1edbc: 600*445*360 (mm)<br>\nCh\u1ee9ng nh\u1eadn: ISO SGS GMPC FDA Analysis<br>\nCh\u1ee9c n\u0103ng: Nhu\u1ed9m t\u00f3c \u0111en trong 5 ph\u00fat<br>\n\u0110\u1ed9 tu\u1ed5i: Ng\u01b0\u1eddi l\u1edbn<br>\nM\u00e0u s\u1eafc: \u0110en, C\u00e0 ph\u00ea<br>\n\u0110\u1eb7c \u0111i\u1ec3m: D\u1ea7u g\u1ed9i kh\u00f4ng ch\u1ee9a amoniac Th\u00edch h\u1ee3p cho t\u00f3c nhu\u1ed9m<\/p>","protected":false},"excerpt":{"rendered":"<p><img fetchpriority=\"high\" decoding=\"async\" class=\"alignnone wp-image-2789 size-full\" src=\"https:\/\/zelinbio.com\/wp-content\/uploads\/2024\/08\/photobank-40.png\" alt=\"\" width=\"900\" height=\"563\" \/><br \/>\n<img decoding=\"async\" class=\"alignnone wp-image-2790 size-full\" src=\"https:\/\/zelinbio.com\/wp-content\/uploads\/2024\/08\/photobank-41.png\" alt=\"\" width=\"900\" height=\"800\" \/><br \/>\n<img decoding=\"async\" class=\"alignnone wp-image-2791 size-full\" src=\"https:\/\/zelinbio.com\/wp-content\/uploads\/2024\/08\/photobank-42.png\" alt=\"\" width=\"900\" height=\"643\" \/><br \/>\n<img loading=\"lazy\" decoding=\"async\" class=\"alignnone wp-image-2788 size-full\" src=\"https:\/\/zelinbio.com\/wp-content\/uploads\/2024\/08\/photobank-39.png\" alt=\"\" width=\"900\" height=\"750\" \/><br \/>\n<img loading=\"lazy\" decoding=\"async\" class=\"alignnone wp-image-2787 size-full\" src=\"https:\/\/zelinbio.com\/wp-content\/uploads\/2024\/08\/photobank-38.png\" alt=\"\" width=\"900\" height=\"800\" \/><br \/>\n<img loading=\"lazy\" decoding=\"async\" class=\"alignnone wp-image-2786 size-full\" src=\"https:\/\/zelinbio.com\/wp-content\/uploads\/2024\/08\/photobank-37.png\" alt=\"\" width=\"900\" height=\"800\" \/><br \/>\n<img loading=\"lazy\" decoding=\"async\" class=\"alignnone wp-image-3506 size-full\" src=\"https:\/\/zelinbio.com\/wp-content\/uploads\/2024\/08\/\u5fae\u4fe1\u56fe\u7247_20240930084914.png\" alt=\"\" width=\"900\" height=\"1199\" \/><\/p>","protected":false},"featured_media":2785,"comment_status":"closed","ping_status":"closed","template":"","meta":{"site-sidebar-layout":"default","site-content-layout":"","ast-site-content-layout":"default","site-content-style":"default","site-sidebar-style":"default","ast-global-header-display":"","ast-banner-title-visibility":"","ast-main-header-display":"","ast-hfb-above-header-display":"","ast-hfb-below-header-display":"","ast-hfb-mobile-header-display":"","site-post-title":"","ast-breadcrumbs-content":"","ast-featured-img":"","footer-sml-layout":"","theme-transparent-header-meta":"default","adv-header-id-meta":"","stick-header-meta":"","header-above-stick-meta":"","header-main-stick-meta":"","header-below-stick-meta":"","astra-migrate-meta-layouts":"set","ast-page-background-enabled":"default","ast-page-background-meta":{"desktop":{"background-color":"","background-image":"","background-repeat":"repeat","background-position":"center center","background-size":"auto","background-attachment":"scroll","background-type":"","background-media":"","overlay-type":"","overlay-color":"","overlay-opacity":"","overlay-gradient":""},"tablet":{"background-color":"","background-image":"","background-repeat":"repeat","background-position":"center center","background-size":"auto","background-attachment":"scroll","background-type":"","background-media":"","overlay-type":"","overlay-color":"","overlay-opacity":"","overlay-gradient":""},"mobile":{"background-color":"","background-image":"","background-repeat":"repeat","background-position":"center center","background-size":"auto","background-attachment":"scroll","background-type":"","background-media":"","overlay-type":"","overlay-color":"","overlay-opacity":"","overlay-gradient":""}},"ast-content-background-meta":{"desktop":{"background-color":"var(--ast-global-color-5)","background-image":"","background-repeat":"repeat","background-position":"center center","background-size":"auto","background-attachment":"scroll","background-type":"","background-media":"","overlay-type":"","overlay-color":"","overlay-opacity":"","overlay-gradient":""},"tablet":{"background-color":"var(--ast-global-color-5)","background-image":"","background-repeat":"repeat","background-position":"center center","background-size":"auto","background-attachment":"scroll","background-type":"","background-media":"","overlay-type":"","overlay-color":"","overlay-opacity":"","overlay-gradient":""},"mobile":{"background-color":"var(--ast-global-color-5)","background-image":"","background-repeat":"repeat","background-position":"center center","background-size":"auto","background-attachment":"scroll","background-type":"","background-media":"","overlay-type":"","overlay-color":"","overlay-opacity":"","overlay-gradient":""}}},"product_brand":[],"product_cat":[34,36,37],"product_tag":[],"class_list":{"0":"post-2784","1":"product","2":"type-product","3":"status-publish","4":"has-post-thumbnail","6":"product_cat-products","7":"product_cat-black-hair-series","8":"product_cat-color-hair-series","9":"desktop-align-left","10":"tablet-align-left","11":"mobile-align-left","13":"first","14":"instock","15":"shipping-taxable","16":"product-type-simple"},"yoast_head":"<!-- This site is optimized with the Yoast SEO Premium plugin v23.4 (Yoast SEO v26.7) - https:\/\/yoast.com\/wordpress\/plugins\/seo\/ -->\n<title>\u3010DYE EMPEROR\u3011BLACK HAIR DYE - China Hair Color Manufacturer | Hair Products Wholesale<\/title>\n<meta name=\"description\" content=\"Our plant-based hair dye is easy to use and does not require much technical content. It is suitable for people of all ages. It has no irritating odor and the operation process is more comfortable.\" \/>\n<meta name=\"robots\" content=\"index, follow, max-snippet:-1, max-image-preview:large, max-video-preview:-1\" \/>\n<link rel=\"canonical\" href=\"https:\/\/zelinbio.com\/vi\/product\/black-hair-dye\/\" \/>\n<meta property=\"og:locale\" content=\"vi_VN\" \/>\n<meta property=\"og:type\" content=\"article\" \/>\n<meta property=\"og:title\" content=\"\u3010DYE EMPEROR\u3011BLACK HAIR DYE\" \/>\n<meta property=\"og:description\" content=\"Our plant-based hair dye is easy to use and does not require much technical content. It is suitable for people of all ages. It has no irritating odor and the operation process is more comfortable.\" \/>\n<meta property=\"og:url\" content=\"https:\/\/zelinbio.com\/vi\/product\/black-hair-dye\/\" \/>\n<meta property=\"og:site_name\" content=\"China Hair Color Manufacturer | Hair Products Wholesale\" \/>\n<meta property=\"article:publisher\" content=\"https:\/\/www.facebook.com\/profile.php?id=61560709493579\" \/>\n<meta property=\"article:modified_time\" content=\"2025-03-20T04:09:13+00:00\" \/>\n<meta property=\"og:image\" content=\"https:\/\/zelinbio.com\/wp-content\/uploads\/2024\/08\/photobank-27.jpg\" \/>\n\t<meta property=\"og:image:width\" content=\"1744\" \/>\n\t<meta property=\"og:image:height\" content=\"1607\" \/>\n\t<meta property=\"og:image:type\" content=\"image\/jpeg\" \/>\n<meta name=\"twitter:card\" content=\"summary_large_image\" \/>\n<meta name=\"twitter:label1\" content=\"\u01af\u1edbc t\u00ednh th\u1eddi gian \u0111\u1ecdc\" \/>\n\t<meta name=\"twitter:data1\" content=\"1 ph\u00fat\" \/>\n<script type=\"application\/ld+json\" class=\"yoast-schema-graph\">{\"@context\":\"https:\/\/schema.org\",\"@graph\":[{\"@type\":\"WebPage\",\"@id\":\"https:\/\/zelinbio.com\/product\/black-hair-dye\/\",\"url\":\"https:\/\/zelinbio.com\/product\/black-hair-dye\/\",\"name\":\"\u3010DYE EMPEROR\u3011BLACK HAIR DYE - China Hair Color Manufacturer | Hair Products Wholesale\",\"isPartOf\":{\"@id\":\"https:\/\/zelinbio.com\/#website\"},\"primaryImageOfPage\":{\"@id\":\"https:\/\/zelinbio.com\/product\/black-hair-dye\/#primaryimage\"},\"image\":{\"@id\":\"https:\/\/zelinbio.com\/product\/black-hair-dye\/#primaryimage\"},\"thumbnailUrl\":\"https:\/\/zelinbio.com\/wp-content\/uploads\/2024\/08\/photobank-27.jpg\",\"datePublished\":\"2024-08-26T03:52:08+00:00\",\"dateModified\":\"2025-03-20T04:09:13+00:00\",\"description\":\"Our plant-based hair dye is easy to use and does not require much technical content. It is suitable for people of all ages. It has no irritating odor and the operation process is more comfortable.\",\"breadcrumb\":{\"@id\":\"https:\/\/zelinbio.com\/product\/black-hair-dye\/#breadcrumb\"},\"inLanguage\":\"vi\",\"potentialAction\":[{\"@type\":\"ReadAction\",\"target\":[\"https:\/\/zelinbio.com\/product\/black-hair-dye\/\"]}]},{\"@type\":\"ImageObject\",\"inLanguage\":\"vi\",\"@id\":\"https:\/\/zelinbio.com\/product\/black-hair-dye\/#primaryimage\",\"url\":\"https:\/\/zelinbio.com\/wp-content\/uploads\/2024\/08\/photobank-27.jpg\",\"contentUrl\":\"https:\/\/zelinbio.com\/wp-content\/uploads\/2024\/08\/photobank-27.jpg\",\"width\":1744,\"height\":1607,\"caption\":\"BLACK HAIR DYE\"},{\"@type\":\"BreadcrumbList\",\"@id\":\"https:\/\/zelinbio.com\/product\/black-hair-dye\/#breadcrumb\",\"itemListElement\":[{\"@type\":\"ListItem\",\"position\":1,\"name\":\"Home\",\"item\":\"https:\/\/zelinbio.com\/\"},{\"@type\":\"ListItem\",\"position\":2,\"name\":\"Products\",\"item\":\"https:\/\/zelinbio.com\/products\/\"},{\"@type\":\"ListItem\",\"position\":3,\"name\":\"\u3010DYE EMPEROR\u3011BLACK HAIR DYE\"}]},{\"@type\":\"WebSite\",\"@id\":\"https:\/\/zelinbio.com\/#website\",\"url\":\"https:\/\/zelinbio.com\/\",\"name\":\"China Hair Color Manufacturer | Hair Products Wholesale\",\"description\":\"China Hair Color Manufacturer | Hair Products Wholesale\",\"publisher\":{\"@id\":\"https:\/\/zelinbio.com\/#organization\"},\"alternateName\":\"Hair Products Wholesale\",\"potentialAction\":[{\"@type\":\"SearchAction\",\"target\":{\"@type\":\"EntryPoint\",\"urlTemplate\":\"https:\/\/zelinbio.com\/?s={search_term_string}\"},\"query-input\":{\"@type\":\"PropertyValueSpecification\",\"valueRequired\":true,\"valueName\":\"search_term_string\"}}],\"inLanguage\":\"vi\"},{\"@type\":\"Organization\",\"@id\":\"https:\/\/zelinbio.com\/#organization\",\"name\":\"Hair Products Wholesale | China Professional Manufacturer\",\"alternateName\":\"ZeLin Bio\",\"url\":\"https:\/\/zelinbio.com\/\",\"logo\":{\"@type\":\"ImageObject\",\"inLanguage\":\"vi\",\"@id\":\"https:\/\/zelinbio.com\/#\/schema\/logo\/image\/\",\"url\":\"https:\/\/zelinbio.com\/wp-content\/uploads\/2024\/08\/cropped-\u7eaflogo.png\",\"contentUrl\":\"https:\/\/zelinbio.com\/wp-content\/uploads\/2024\/08\/cropped-\u7eaflogo.png\",\"width\":512,\"height\":512,\"caption\":\"Hair Products Wholesale | China Professional Manufacturer\"},\"image\":{\"@id\":\"https:\/\/zelinbio.com\/#\/schema\/logo\/image\/\"},\"sameAs\":[\"https:\/\/www.facebook.com\/profile.php?id=61560709493579\"]}]}<\/script>\n<!-- \/ Yoast SEO Premium plugin. -->","yoast_head_json":{"title":"\u3010DYE EMPEROR\u3011BLACK HAIR DYE - China Hair Color Manufacturer | Hair Products Wholesale","description":"Our plant-based hair dye is easy to use and does not require much technical content. It is suitable for people of all ages. It has no irritating odor and the operation process is more comfortable.","robots":{"index":"index","follow":"follow","max-snippet":"max-snippet:-1","max-image-preview":"max-image-preview:large","max-video-preview":"max-video-preview:-1"},"canonical":"https:\/\/zelinbio.com\/vi\/product\/black-hair-dye\/","og_locale":"vi_VN","og_type":"article","og_title":"\u3010DYE EMPEROR\u3011BLACK HAIR DYE","og_description":"Our plant-based hair dye is easy to use and does not require much technical content. It is suitable for people of all ages. It has no irritating odor and the operation process is more comfortable.","og_url":"https:\/\/zelinbio.com\/vi\/product\/black-hair-dye\/","og_site_name":"China Hair Color Manufacturer | Hair Products Wholesale","article_publisher":"https:\/\/www.facebook.com\/profile.php?id=61560709493579","article_modified_time":"2025-03-20T04:09:13+00:00","og_image":[{"width":1744,"height":1607,"url":"https:\/\/zelinbio.com\/wp-content\/uploads\/2024\/08\/photobank-27.jpg","type":"image\/jpeg"}],"twitter_card":"summary_large_image","twitter_misc":{"\u01af\u1edbc t\u00ednh th\u1eddi gian \u0111\u1ecdc":"1 ph\u00fat"},"schema":{"@context":"https:\/\/schema.org","@graph":[{"@type":"WebPage","@id":"https:\/\/zelinbio.com\/product\/black-hair-dye\/","url":"https:\/\/zelinbio.com\/product\/black-hair-dye\/","name":"\u3010DYE EMPEROR\u3011BLACK HAIR DYE - China Hair Color Manufacturer | Hair Products Wholesale","isPartOf":{"@id":"https:\/\/zelinbio.com\/#website"},"primaryImageOfPage":{"@id":"https:\/\/zelinbio.com\/product\/black-hair-dye\/#primaryimage"},"image":{"@id":"https:\/\/zelinbio.com\/product\/black-hair-dye\/#primaryimage"},"thumbnailUrl":"https:\/\/zelinbio.com\/wp-content\/uploads\/2024\/08\/photobank-27.jpg","datePublished":"2024-08-26T03:52:08+00:00","dateModified":"2025-03-20T04:09:13+00:00","description":"Our plant-based hair dye is easy to use and does not require much technical content. It is suitable for people of all ages. It has no irritating odor and the operation process is more comfortable.","breadcrumb":{"@id":"https:\/\/zelinbio.com\/product\/black-hair-dye\/#breadcrumb"},"inLanguage":"vi","potentialAction":[{"@type":"ReadAction","target":["https:\/\/zelinbio.com\/product\/black-hair-dye\/"]}]},{"@type":"ImageObject","inLanguage":"vi","@id":"https:\/\/zelinbio.com\/product\/black-hair-dye\/#primaryimage","url":"https:\/\/zelinbio.com\/wp-content\/uploads\/2024\/08\/photobank-27.jpg","contentUrl":"https:\/\/zelinbio.com\/wp-content\/uploads\/2024\/08\/photobank-27.jpg","width":1744,"height":1607,"caption":"BLACK HAIR DYE"},{"@type":"BreadcrumbList","@id":"https:\/\/zelinbio.com\/product\/black-hair-dye\/#breadcrumb","itemListElement":[{"@type":"ListItem","position":1,"name":"Home","item":"https:\/\/zelinbio.com\/"},{"@type":"ListItem","position":2,"name":"Products","item":"https:\/\/zelinbio.com\/products\/"},{"@type":"ListItem","position":3,"name":"\u3010DYE EMPEROR\u3011BLACK HAIR DYE"}]},{"@type":"WebSite","@id":"https:\/\/zelinbio.com\/#website","url":"https:\/\/zelinbio.com\/","name":"China Hair Color Manufacturer | Hair Products Wholesale","description":"China Hair Color Manufacturer | Hair Products Wholesale","publisher":{"@id":"https:\/\/zelinbio.com\/#organization"},"alternateName":"Hair Products Wholesale","potentialAction":[{"@type":"SearchAction","target":{"@type":"EntryPoint","urlTemplate":"https:\/\/zelinbio.com\/?s={search_term_string}"},"query-input":{"@type":"PropertyValueSpecification","valueRequired":true,"valueName":"search_term_string"}}],"inLanguage":"vi"},{"@type":"Organization","@id":"https:\/\/zelinbio.com\/#organization","name":"B\u00e1n bu\u00f4n s\u1ea3n ph\u1ea9m ch\u0103m s\u00f3c t\u00f3c | Nh\u00e0 s\u1ea3n xu\u1ea5t chuy\u00ean nghi\u1ec7p Trung Qu\u1ed1c","alternateName":"ZeLin Bio","url":"https:\/\/zelinbio.com\/","logo":{"@type":"ImageObject","inLanguage":"vi","@id":"https:\/\/zelinbio.com\/#\/schema\/logo\/image\/","url":"https:\/\/zelinbio.com\/wp-content\/uploads\/2024\/08\/cropped-\u7eaflogo.png","contentUrl":"https:\/\/zelinbio.com\/wp-content\/uploads\/2024\/08\/cropped-\u7eaflogo.png","width":512,"height":512,"caption":"Hair Products Wholesale | China Professional Manufacturer"},"image":{"@id":"https:\/\/zelinbio.com\/#\/schema\/logo\/image\/"},"sameAs":["https:\/\/www.facebook.com\/profile.php?id=61560709493579"]}]}},"_links":{"self":[{"href":"https:\/\/zelinbio.com\/vi\/wp-json\/wp\/v2\/product\/2784","targetHints":{"allow":["GET"]}}],"collection":[{"href":"https:\/\/zelinbio.com\/vi\/wp-json\/wp\/v2\/product"}],"about":[{"href":"https:\/\/zelinbio.com\/vi\/wp-json\/wp\/v2\/types\/product"}],"replies":[{"embeddable":true,"href":"https:\/\/zelinbio.com\/vi\/wp-json\/wp\/v2\/comments?post=2784"}],"wp:featuredmedia":[{"embeddable":true,"href":"https:\/\/zelinbio.com\/vi\/wp-json\/wp\/v2\/media\/2785"}],"wp:attachment":[{"href":"https:\/\/zelinbio.com\/vi\/wp-json\/wp\/v2\/media?parent=2784"}],"wp:term":[{"taxonomy":"product_brand","embeddable":true,"href":"https:\/\/zelinbio.com\/vi\/wp-json\/wp\/v2\/product_brand?post=2784"},{"taxonomy":"product_cat","embeddable":true,"href":"https:\/\/zelinbio.com\/vi\/wp-json\/wp\/v2\/product_cat?post=2784"},{"taxonomy":"product_tag","embeddable":true,"href":"https:\/\/zelinbio.com\/vi\/wp-json\/wp\/v2\/product_tag?post=2784"}],"curies":[{"name":"wp","href":"https:\/\/api.w.org\/{rel}","templated":true}]}}