{"id":3824,"date":"2024-12-05T07:09:11","date_gmt":"2024-12-05T07:09:11","guid":{"rendered":"https:\/\/zelinbio.com\/?post_type=product&#038;p=3824"},"modified":"2025-03-20T04:05:59","modified_gmt":"2025-03-20T04:05:59","slug":"%e3%80%90dye-emperor%e3%80%91hair-dye-gel-2","status":"publish","type":"product","link":"https:\/\/zelinbio.com\/vi\/product\/%e3%80%90dye-emperor%e3%80%91hair-dye-gel-2\/","title":{"rendered":"\u3010DYE EMPEROR\u3011GEL NHU\u1ed8M T\u00d3C"},"content":{"rendered":"<p class=\"translation-block\">Lo\u1ea1i: Thu\u1ed1c nhu\u1ed9m t\u00f3c<br>\nTh\u01b0\u01a1ng hi\u1ec7u: DYE EMPEROR<br>\nD\u1ea1ng: Gel nhu\u1ed9m t\u00f3c<br>\nTh\u1ec3 t\u00edch: 500ml*2<br>\nS\u1ed1 l\u01b0\u1ee3ng: 24 h\u1ed9p\/th\u00f9ng<br>\nK\u00edch th\u01b0\u1edbc th\u00f9ng: 640*440*251(mm)<br>\nCh\u1ee9ng nh\u1eadn: ISO SGS GMPC\u00a0 Ph\u00e2n t\u00edch c\u1ee7a FDA<br>\nCh\u1ee9c n\u0103ng: Nhu\u1ed9m t\u00f3c \u0111en trong 5 ph\u00fat<br>\n\u0110\u1ed9 tu\u1ed5i: Ng\u01b0\u1eddi l\u1edbn<br>\nM\u00e0u s\u1eafc: \u0110en<br>\n\u0110\u1eb7c \u0111i\u1ec3m: Gel nhu\u1ed9m t\u00f3c gi\u1ea5m tr\u00e1i c\u00e2y<\/p>","protected":false},"excerpt":{"rendered":"<p><img fetchpriority=\"high\" decoding=\"async\" class=\"alignnone size-medium wp-image-3825\" src=\"https:\/\/zelinbio.com\/wp-content\/uploads\/2024\/12\/\u6c34\u679c1-300x300.jpg\" alt=\"\" width=\"300\" height=\"300\" srcset=\"https:\/\/zelinbio.com\/wp-content\/uploads\/2024\/12\/\u6c34\u679c1-300x300.jpg 300w, https:\/\/zelinbio.com\/wp-content\/uploads\/2024\/12\/\u6c34\u679c1-1024x1024.jpg 1024w, https:\/\/zelinbio.com\/wp-content\/uploads\/2024\/12\/\u6c34\u679c1-150x150.jpg 150w, https:\/\/zelinbio.com\/wp-content\/uploads\/2024\/12\/\u6c34\u679c1-768x768.jpg 768w, https:\/\/zelinbio.com\/wp-content\/uploads\/2024\/12\/\u6c34\u679c1-1536x1536.jpg 1536w, https:\/\/zelinbio.com\/wp-content\/uploads\/2024\/12\/\u6c34\u679c1-2048x2048.jpg 2048w, https:\/\/zelinbio.com\/wp-content\/uploads\/2024\/12\/\u6c34\u679c1-12x12.jpg 12w, https:\/\/zelinbio.com\/wp-content\/uploads\/2024\/12\/\u6c34\u679c1-600x600.jpg 600w, https:\/\/zelinbio.com\/wp-content\/uploads\/2024\/12\/\u6c34\u679c1-100x100.jpg 100w\" sizes=\"(max-width: 300px) 100vw, 300px\" \/><\/p>\n<p><img decoding=\"async\" class=\"alignnone size-medium wp-image-3828\" src=\"https:\/\/zelinbio.com\/wp-content\/uploads\/2024\/12\/\u6c34\u679c2-300x300.jpg\" alt=\"\" width=\"300\" height=\"300\" srcset=\"https:\/\/zelinbio.com\/wp-content\/uploads\/2024\/12\/\u6c34\u679c2-300x300.jpg 300w, https:\/\/zelinbio.com\/wp-content\/uploads\/2024\/12\/\u6c34\u679c2-150x150.jpg 150w, https:\/\/zelinbio.com\/wp-content\/uploads\/2024\/12\/\u6c34\u679c2-768x768.jpg 768w, https:\/\/zelinbio.com\/wp-content\/uploads\/2024\/12\/\u6c34\u679c2-12x12.jpg 12w, https:\/\/zelinbio.com\/wp-content\/uploads\/2024\/12\/\u6c34\u679c2-600x600.jpg 600w, https:\/\/zelinbio.com\/wp-content\/uploads\/2024\/12\/\u6c34\u679c2-100x100.jpg 100w, https:\/\/zelinbio.com\/wp-content\/uploads\/2024\/12\/\u6c34\u679c2.jpg 800w\" sizes=\"(max-width: 300px) 100vw, 300px\" \/><\/p>\n<p><img decoding=\"async\" class=\"alignnone size-medium wp-image-3829\" src=\"https:\/\/zelinbio.com\/wp-content\/uploads\/2024\/12\/\u6c34\u679c3-300x300.jpg\" alt=\"\" width=\"300\" height=\"300\" srcset=\"https:\/\/zelinbio.com\/wp-content\/uploads\/2024\/12\/\u6c34\u679c3-300x300.jpg 300w, https:\/\/zelinbio.com\/wp-content\/uploads\/2024\/12\/\u6c34\u679c3-150x150.jpg 150w, https:\/\/zelinbio.com\/wp-content\/uploads\/2024\/12\/\u6c34\u679c3-768x768.jpg 768w, https:\/\/zelinbio.com\/wp-content\/uploads\/2024\/12\/\u6c34\u679c3-12x12.jpg 12w, https:\/\/zelinbio.com\/wp-content\/uploads\/2024\/12\/\u6c34\u679c3-600x600.jpg 600w, https:\/\/zelinbio.com\/wp-content\/uploads\/2024\/12\/\u6c34\u679c3-100x100.jpg 100w, https:\/\/zelinbio.com\/wp-content\/uploads\/2024\/12\/\u6c34\u679c3.jpg 800w\" sizes=\"(max-width: 300px) 100vw, 300px\" \/><\/p>","protected":false},"featured_media":3825,"comment_status":"closed","ping_status":"closed","template":"","meta":{"site-sidebar-layout":"default","site-content-layout":"","ast-site-content-layout":"default","site-content-style":"default","site-sidebar-style":"default","ast-global-header-display":"","ast-banner-title-visibility":"","ast-main-header-display":"","ast-hfb-above-header-display":"","ast-hfb-below-header-display":"","ast-hfb-mobile-header-display":"","site-post-title":"","ast-breadcrumbs-content":"","ast-featured-img":"","footer-sml-layout":"","theme-transparent-header-meta":"default","adv-header-id-meta":"","stick-header-meta":"","header-above-stick-meta":"","header-main-stick-meta":"","header-below-stick-meta":"","astra-migrate-meta-layouts":"set","ast-page-background-enabled":"default","ast-page-background-meta":{"desktop":{"background-color":"","background-image":"","background-repeat":"repeat","background-position":"center center","background-size":"auto","background-attachment":"scroll","background-type":"","background-media":"","overlay-type":"","overlay-color":"","overlay-opacity":"","overlay-gradient":""},"tablet":{"background-color":"","background-image":"","background-repeat":"repeat","background-position":"center center","background-size":"auto","background-attachment":"scroll","background-type":"","background-media":"","overlay-type":"","overlay-color":"","overlay-opacity":"","overlay-gradient":""},"mobile":{"background-color":"","background-image":"","background-repeat":"repeat","background-position":"center center","background-size":"auto","background-attachment":"scroll","background-type":"","background-media":"","overlay-type":"","overlay-color":"","overlay-opacity":"","overlay-gradient":""}},"ast-content-background-meta":{"desktop":{"background-color":"var(--ast-global-color-5)","background-image":"","background-repeat":"repeat","background-position":"center center","background-size":"auto","background-attachment":"scroll","background-type":"","background-media":"","overlay-type":"","overlay-color":"","overlay-opacity":"","overlay-gradient":""},"tablet":{"background-color":"var(--ast-global-color-5)","background-image":"","background-repeat":"repeat","background-position":"center center","background-size":"auto","background-attachment":"scroll","background-type":"","background-media":"","overlay-type":"","overlay-color":"","overlay-opacity":"","overlay-gradient":""},"mobile":{"background-color":"var(--ast-global-color-5)","background-image":"","background-repeat":"repeat","background-position":"center center","background-size":"auto","background-attachment":"scroll","background-type":"","background-media":"","overlay-type":"","overlay-color":"","overlay-opacity":"","overlay-gradient":""}}},"product_brand":[],"product_cat":[34,36],"product_tag":[],"class_list":{"0":"post-3824","1":"product","2":"type-product","3":"status-publish","4":"has-post-thumbnail","6":"product_cat-products","7":"product_cat-black-hair-series","8":"desktop-align-left","9":"tablet-align-left","10":"mobile-align-left","12":"first","13":"instock","14":"shipping-taxable","15":"product-type-simple"},"yoast_head":"<!-- This site is optimized with the Yoast SEO Premium plugin v23.4 (Yoast SEO v26.7) - https:\/\/yoast.com\/wordpress\/plugins\/seo\/ -->\n<title>\u3010DYE EMPEROR\u3011HAIR DYE GEL - China Hair Color Manufacturer | Hair Products Wholesale<\/title>\n<meta name=\"robots\" content=\"index, follow, max-snippet:-1, max-image-preview:large, max-video-preview:-1\" \/>\n<link rel=\"canonical\" href=\"https:\/\/zelinbio.com\/vi\/product\/\u3010dye-emperor\u3011hair-dye-gel-2\/\" \/>\n<meta property=\"og:locale\" content=\"vi_VN\" \/>\n<meta property=\"og:type\" content=\"article\" \/>\n<meta property=\"og:title\" content=\"\u3010DYE EMPEROR\u3011HAIR DYE GEL\" \/>\n<meta property=\"og:url\" content=\"https:\/\/zelinbio.com\/vi\/product\/\u3010dye-emperor\u3011hair-dye-gel-2\/\" \/>\n<meta property=\"og:site_name\" content=\"China Hair Color Manufacturer | Hair Products Wholesale\" \/>\n<meta property=\"article:publisher\" content=\"https:\/\/www.facebook.com\/profile.php?id=61560709493579\" \/>\n<meta property=\"article:modified_time\" content=\"2025-03-20T04:05:59+00:00\" \/>\n<meta property=\"og:image\" content=\"https:\/\/zelinbio.com\/wp-content\/uploads\/2024\/12\/\u6c34\u679c1-scaled.jpg\" \/>\n\t<meta property=\"og:image:width\" content=\"2560\" \/>\n\t<meta property=\"og:image:height\" content=\"2560\" \/>\n\t<meta property=\"og:image:type\" content=\"image\/jpeg\" \/>\n<meta name=\"twitter:card\" content=\"summary_large_image\" \/>\n<meta name=\"twitter:label1\" content=\"\u01af\u1edbc t\u00ednh th\u1eddi gian \u0111\u1ecdc\" \/>\n\t<meta name=\"twitter:data1\" content=\"1 ph\u00fat\" \/>\n<script type=\"application\/ld+json\" class=\"yoast-schema-graph\">{\"@context\":\"https:\/\/schema.org\",\"@graph\":[{\"@type\":\"WebPage\",\"@id\":\"https:\/\/zelinbio.com\/product\/%e3%80%90dye-emperor%e3%80%91hair-dye-gel-2\/\",\"url\":\"https:\/\/zelinbio.com\/product\/%e3%80%90dye-emperor%e3%80%91hair-dye-gel-2\/\",\"name\":\"\u3010DYE EMPEROR\u3011HAIR DYE GEL - China Hair Color Manufacturer | Hair Products Wholesale\",\"isPartOf\":{\"@id\":\"https:\/\/zelinbio.com\/#website\"},\"primaryImageOfPage\":{\"@id\":\"https:\/\/zelinbio.com\/product\/%e3%80%90dye-emperor%e3%80%91hair-dye-gel-2\/#primaryimage\"},\"image\":{\"@id\":\"https:\/\/zelinbio.com\/product\/%e3%80%90dye-emperor%e3%80%91hair-dye-gel-2\/#primaryimage\"},\"thumbnailUrl\":\"https:\/\/zelinbio.com\/wp-content\/uploads\/2024\/12\/\u6c34\u679c1-scaled.jpg\",\"datePublished\":\"2024-12-05T07:09:11+00:00\",\"dateModified\":\"2025-03-20T04:05:59+00:00\",\"breadcrumb\":{\"@id\":\"https:\/\/zelinbio.com\/product\/%e3%80%90dye-emperor%e3%80%91hair-dye-gel-2\/#breadcrumb\"},\"inLanguage\":\"vi\",\"potentialAction\":[{\"@type\":\"ReadAction\",\"target\":[\"https:\/\/zelinbio.com\/product\/%e3%80%90dye-emperor%e3%80%91hair-dye-gel-2\/\"]}]},{\"@type\":\"ImageObject\",\"inLanguage\":\"vi\",\"@id\":\"https:\/\/zelinbio.com\/product\/%e3%80%90dye-emperor%e3%80%91hair-dye-gel-2\/#primaryimage\",\"url\":\"https:\/\/zelinbio.com\/wp-content\/uploads\/2024\/12\/\u6c34\u679c1-scaled.jpg\",\"contentUrl\":\"https:\/\/zelinbio.com\/wp-content\/uploads\/2024\/12\/\u6c34\u679c1-scaled.jpg\",\"width\":2560,\"height\":2560},{\"@type\":\"BreadcrumbList\",\"@id\":\"https:\/\/zelinbio.com\/product\/%e3%80%90dye-emperor%e3%80%91hair-dye-gel-2\/#breadcrumb\",\"itemListElement\":[{\"@type\":\"ListItem\",\"position\":1,\"name\":\"Home\",\"item\":\"https:\/\/zelinbio.com\/\"},{\"@type\":\"ListItem\",\"position\":2,\"name\":\"Products\",\"item\":\"https:\/\/zelinbio.com\/products\/\"},{\"@type\":\"ListItem\",\"position\":3,\"name\":\"\u3010DYE EMPEROR\u3011HAIR DYE GEL\"}]},{\"@type\":\"WebSite\",\"@id\":\"https:\/\/zelinbio.com\/#website\",\"url\":\"https:\/\/zelinbio.com\/\",\"name\":\"China Hair Color Manufacturer | Hair Products Wholesale\",\"description\":\"China Hair Color Manufacturer | Hair Products Wholesale\",\"publisher\":{\"@id\":\"https:\/\/zelinbio.com\/#organization\"},\"alternateName\":\"Hair Products Wholesale\",\"potentialAction\":[{\"@type\":\"SearchAction\",\"target\":{\"@type\":\"EntryPoint\",\"urlTemplate\":\"https:\/\/zelinbio.com\/?s={search_term_string}\"},\"query-input\":{\"@type\":\"PropertyValueSpecification\",\"valueRequired\":true,\"valueName\":\"search_term_string\"}}],\"inLanguage\":\"vi\"},{\"@type\":\"Organization\",\"@id\":\"https:\/\/zelinbio.com\/#organization\",\"name\":\"Hair Products Wholesale | China Professional Manufacturer\",\"alternateName\":\"ZeLin Bio\",\"url\":\"https:\/\/zelinbio.com\/\",\"logo\":{\"@type\":\"ImageObject\",\"inLanguage\":\"vi\",\"@id\":\"https:\/\/zelinbio.com\/#\/schema\/logo\/image\/\",\"url\":\"https:\/\/zelinbio.com\/wp-content\/uploads\/2024\/08\/cropped-\u7eaflogo.png\",\"contentUrl\":\"https:\/\/zelinbio.com\/wp-content\/uploads\/2024\/08\/cropped-\u7eaflogo.png\",\"width\":512,\"height\":512,\"caption\":\"Hair Products Wholesale | China Professional Manufacturer\"},\"image\":{\"@id\":\"https:\/\/zelinbio.com\/#\/schema\/logo\/image\/\"},\"sameAs\":[\"https:\/\/www.facebook.com\/profile.php?id=61560709493579\"]}]}<\/script>\n<!-- \/ Yoast SEO Premium plugin. -->","yoast_head_json":{"title":"\u3010DYE EMPEROR\u3011HAIR DYE GEL - China Hair Color Manufacturer | Hair Products Wholesale","robots":{"index":"index","follow":"follow","max-snippet":"max-snippet:-1","max-image-preview":"max-image-preview:large","max-video-preview":"max-video-preview:-1"},"canonical":"https:\/\/zelinbio.com\/vi\/product\/\u3010dye-emperor\u3011hair-dye-gel-2\/","og_locale":"vi_VN","og_type":"article","og_title":"\u3010DYE EMPEROR\u3011HAIR DYE GEL","og_url":"https:\/\/zelinbio.com\/vi\/product\/\u3010dye-emperor\u3011hair-dye-gel-2\/","og_site_name":"China Hair Color Manufacturer | Hair Products Wholesale","article_publisher":"https:\/\/www.facebook.com\/profile.php?id=61560709493579","article_modified_time":"2025-03-20T04:05:59+00:00","og_image":[{"width":2560,"height":2560,"url":"https:\/\/zelinbio.com\/wp-content\/uploads\/2024\/12\/\u6c34\u679c1-scaled.jpg","type":"image\/jpeg"}],"twitter_card":"summary_large_image","twitter_misc":{"\u01af\u1edbc t\u00ednh th\u1eddi gian \u0111\u1ecdc":"1 ph\u00fat"},"schema":{"@context":"https:\/\/schema.org","@graph":[{"@type":"WebPage","@id":"https:\/\/zelinbio.com\/product\/%e3%80%90dye-emperor%e3%80%91hair-dye-gel-2\/","url":"https:\/\/zelinbio.com\/product\/%e3%80%90dye-emperor%e3%80%91hair-dye-gel-2\/","name":"\u3010DYE EMPEROR\u3011HAIR DYE GEL - China Hair Color Manufacturer | Hair Products Wholesale","isPartOf":{"@id":"https:\/\/zelinbio.com\/#website"},"primaryImageOfPage":{"@id":"https:\/\/zelinbio.com\/product\/%e3%80%90dye-emperor%e3%80%91hair-dye-gel-2\/#primaryimage"},"image":{"@id":"https:\/\/zelinbio.com\/product\/%e3%80%90dye-emperor%e3%80%91hair-dye-gel-2\/#primaryimage"},"thumbnailUrl":"https:\/\/zelinbio.com\/wp-content\/uploads\/2024\/12\/\u6c34\u679c1-scaled.jpg","datePublished":"2024-12-05T07:09:11+00:00","dateModified":"2025-03-20T04:05:59+00:00","breadcrumb":{"@id":"https:\/\/zelinbio.com\/product\/%e3%80%90dye-emperor%e3%80%91hair-dye-gel-2\/#breadcrumb"},"inLanguage":"vi","potentialAction":[{"@type":"ReadAction","target":["https:\/\/zelinbio.com\/product\/%e3%80%90dye-emperor%e3%80%91hair-dye-gel-2\/"]}]},{"@type":"ImageObject","inLanguage":"vi","@id":"https:\/\/zelinbio.com\/product\/%e3%80%90dye-emperor%e3%80%91hair-dye-gel-2\/#primaryimage","url":"https:\/\/zelinbio.com\/wp-content\/uploads\/2024\/12\/\u6c34\u679c1-scaled.jpg","contentUrl":"https:\/\/zelinbio.com\/wp-content\/uploads\/2024\/12\/\u6c34\u679c1-scaled.jpg","width":2560,"height":2560},{"@type":"BreadcrumbList","@id":"https:\/\/zelinbio.com\/product\/%e3%80%90dye-emperor%e3%80%91hair-dye-gel-2\/#breadcrumb","itemListElement":[{"@type":"ListItem","position":1,"name":"Home","item":"https:\/\/zelinbio.com\/"},{"@type":"ListItem","position":2,"name":"Products","item":"https:\/\/zelinbio.com\/products\/"},{"@type":"ListItem","position":3,"name":"\u3010DYE EMPEROR\u3011HAIR DYE GEL"}]},{"@type":"WebSite","@id":"https:\/\/zelinbio.com\/#website","url":"https:\/\/zelinbio.com\/","name":"China Hair Color Manufacturer | Hair Products Wholesale","description":"China Hair Color Manufacturer | Hair Products Wholesale","publisher":{"@id":"https:\/\/zelinbio.com\/#organization"},"alternateName":"Hair Products Wholesale","potentialAction":[{"@type":"SearchAction","target":{"@type":"EntryPoint","urlTemplate":"https:\/\/zelinbio.com\/?s={search_term_string}"},"query-input":{"@type":"PropertyValueSpecification","valueRequired":true,"valueName":"search_term_string"}}],"inLanguage":"vi"},{"@type":"Organization","@id":"https:\/\/zelinbio.com\/#organization","name":"B\u00e1n bu\u00f4n s\u1ea3n ph\u1ea9m ch\u0103m s\u00f3c t\u00f3c | Nh\u00e0 s\u1ea3n xu\u1ea5t chuy\u00ean nghi\u1ec7p Trung Qu\u1ed1c","alternateName":"ZeLin Bio","url":"https:\/\/zelinbio.com\/","logo":{"@type":"ImageObject","inLanguage":"vi","@id":"https:\/\/zelinbio.com\/#\/schema\/logo\/image\/","url":"https:\/\/zelinbio.com\/wp-content\/uploads\/2024\/08\/cropped-\u7eaflogo.png","contentUrl":"https:\/\/zelinbio.com\/wp-content\/uploads\/2024\/08\/cropped-\u7eaflogo.png","width":512,"height":512,"caption":"Hair Products Wholesale | China Professional Manufacturer"},"image":{"@id":"https:\/\/zelinbio.com\/#\/schema\/logo\/image\/"},"sameAs":["https:\/\/www.facebook.com\/profile.php?id=61560709493579"]}]}},"_links":{"self":[{"href":"https:\/\/zelinbio.com\/vi\/wp-json\/wp\/v2\/product\/3824","targetHints":{"allow":["GET"]}}],"collection":[{"href":"https:\/\/zelinbio.com\/vi\/wp-json\/wp\/v2\/product"}],"about":[{"href":"https:\/\/zelinbio.com\/vi\/wp-json\/wp\/v2\/types\/product"}],"replies":[{"embeddable":true,"href":"https:\/\/zelinbio.com\/vi\/wp-json\/wp\/v2\/comments?post=3824"}],"wp:featuredmedia":[{"embeddable":true,"href":"https:\/\/zelinbio.com\/vi\/wp-json\/wp\/v2\/media\/3825"}],"wp:attachment":[{"href":"https:\/\/zelinbio.com\/vi\/wp-json\/wp\/v2\/media?parent=3824"}],"wp:term":[{"taxonomy":"product_brand","embeddable":true,"href":"https:\/\/zelinbio.com\/vi\/wp-json\/wp\/v2\/product_brand?post=3824"},{"taxonomy":"product_cat","embeddable":true,"href":"https:\/\/zelinbio.com\/vi\/wp-json\/wp\/v2\/product_cat?post=3824"},{"taxonomy":"product_tag","embeddable":true,"href":"https:\/\/zelinbio.com\/vi\/wp-json\/wp\/v2\/product_tag?post=3824"}],"curies":[{"name":"wp","href":"https:\/\/api.w.org\/{rel}","templated":true}]}}